{"id":10913,"date":"2024-01-18T08:24:45","date_gmt":"2024-01-18T07:24:45","guid":{"rendered":"https:\/\/www.kbs-praha.cz\/?page_id=10913"},"modified":"2025-11-13T11:56:28","modified_gmt":"2025-11-13T10:56:28","slug":"unternehmen","status":"publish","type":"page","link":"https:\/\/www.kbs-praha.cz\/de\/unternehmen\/","title":{"rendered":"Unternehmen"},"content":{"rendered":"<div class=\"wpb-content-wrapper\"><p>[vc_row full_width=&#8220;stretch_row_content_no_spaces&#8220; row_btt_skin=&#8220;light&#8220; row_background_text_position=&#8220;front&#8220; row_skin=&#8220;dark&#8220; css=&#8220;.vc_custom_1707307705091{background-position: center !important;background-repeat: no-repeat !important;background-size: cover !important;}&#8220; el_class=&#8220;teaser-top&#8220;][vc_column]<div class=\"mkdf-single-image-holder   \">\n    <div class=\"mkdf-si-inner\" >\n                                    <img loading=\"lazy\" decoding=\"async\" width=\"2560\" height=\"538\" src=\"https:\/\/www.kbs-praha.cz\/wp-content\/uploads\/2025\/10\/teaser-tragwerk2-1-scaled.jpg\" class=\"attachment-full size-full\" alt=\"Ingenieure auf der Baustelle\" srcset=\"https:\/\/www.kbs-praha.cz\/wp-content\/uploads\/2025\/10\/teaser-tragwerk2-1-scaled.jpg 2560w, https:\/\/www.kbs-praha.cz\/wp-content\/uploads\/2025\/10\/teaser-tragwerk2-1-300x63.jpg 300w, https:\/\/www.kbs-praha.cz\/wp-content\/uploads\/2025\/10\/teaser-tragwerk2-1-1024x215.jpg 1024w, https:\/\/www.kbs-praha.cz\/wp-content\/uploads\/2025\/10\/teaser-tragwerk2-1-150x32.jpg 150w, https:\/\/www.kbs-praha.cz\/wp-content\/uploads\/2025\/10\/teaser-tragwerk2-1-768x161.jpg 768w, https:\/\/www.kbs-praha.cz\/wp-content\/uploads\/2025\/10\/teaser-tragwerk2-1-1536x323.jpg 1536w\" sizes=\"auto, (max-width: 2560px) 100vw, 2560px\" \/>                        <\/div>\n<\/div>[\/vc_column][\/vc_row][vc_row row_btt_skin=&#8220;light&#8220; row_background_text_position=&#8220;front&#8220; css=&#8220;.vc_custom_1707307732610{margin-top: -20px !important;margin-left: 20px !important;}&#8220;][vc_column offset=&#8220;vc_col-lg-offset-0&#8243; css=&#8220;.vc_custom_1707307799768{margin-top: -20px !important;}&#8220;][vc_raw_html]JTVCYnJlYWRjcnVtYiU1RA==[\/vc_raw_html][vc_empty_space height=&#8220;120px&#8220; el_class=&#8220;.platzhalter-min1024&#8243;][\/vc_column][\/vc_row][vc_row row_content_width=&#8220;grid&#8220; row_btt_skin=&#8220;light&#8220; row_background_text_position=&#8220;front&#8220; el_class=&#8220;teaser-featured&#8220;][vc_column el_class=&#8220;he-teaser-content-onlytxt grau he-teaser-content-imagetxt&#8220;]<div class=\"mkdf-section-title-holder  mkdf-st-standard mkdf-st-title-left mkdf-st-normal-space \" >\n\t<div class=\"mkdf-st-inner\">\n                    <h6 class=\"mkdf-st-intro-title\" style=\"color: #061b3f\">\n                KBS seit 2003            <\/h6>\n        \t\t\t\t\t<h4 class=\"mkdf-st-title\" style=\"color: #061b3f\">\n\t\t\t\tEin Teil in einer starken Familie der HEBERGER Gruppe\t\t\t<\/h4>\n\t\t\t\t\t\t\t<h5 class=\"mkdf-st-text\" style=\"font-size: 20px;font-weight: 400\">\n\t\t\t\tWir arbeiten fair und partnerschaftlich mit unseren Kunden zusammen und nutzen dabei Synergieen aus unserer Unternehmensfamielie. Kompetenz und Qualit\u00e4t sind unser Kapital f\u00fcr die Entwicklung langfristiger Kundenbeziehungen. Jeder Mitarbeiter tr\u00e4gt mit seiner Leistung dazu bei, die Erwartungen unserer Kunden zu erf\u00fcllen. Dabei bleiben wir nur gut, wenn wir st\u00e4ndig besser werden.\t\t\t<\/h5>\n\t\t\t<\/div>\n<\/div><div class=\"mkdf-section-title-holder kbsabst mkdf-st-standard mkdf-st-title-left mkdf-st-normal-space \" >\n\t<div class=\"mkdf-st-inner\">\n        \t\t\t\t\t<h4 class=\"mkdf-st-title\" style=\"color: #061b3f\">\n\t\t\t\tMutterunternehmen\t\t\t<\/h4>\n\t\t\t\t\t<\/div>\n<\/div>[vc_row_inner el_class=&#8220;he3spadresse&#8220;][vc_column_inner width=&#8220;1\/3&#8243;][vc_column_text css=&#8220;&#8220;]<strong>HEBERGER GmbH<\/strong><br \/>\nWaldspitzweg 3<br \/>\n67105 Schifferstadt<br \/>\nDeutschland \/ Germany<br \/>\nTel + 49 62 35 930-0<br \/>\nFax + 49 62 35 930-237<br \/>\n<a href=\"mailto:info@heberger.com\">info@heberger.com<\/a>[\/vc_column_text][\/vc_column_inner][vc_column_inner width=&#8220;1\/3&#8243;][\/vc_column_inner][vc_column_inner width=&#8220;1\/3&#8243;][\/vc_column_inner][\/vc_row_inner]<div class=\"mkdf-section-title-holder kbsabst mkdf-st-standard mkdf-st-title-left mkdf-st-normal-space \" >\n\t<div class=\"mkdf-st-inner\">\n        \t\t\t\t\t<h4 class=\"mkdf-st-title\" style=\"color: #061b3f\">\n\t\t\t\tPartner\t\t\t<\/h4>\n\t\t\t\t\t<\/div>\n<\/div>[vc_row_inner el_class=&#8220;he3spadresse&#8220;][vc_column_inner width=&#8220;1\/4&#8243;][vc_column_text css=&#8220;&#8220; el_class=&#8220;kbslist&#8220;]<strong>HEBERGER CZ s.r.o.<\/strong><\/p>\n<ul>\n<li>Konstruktionsrealisierung<\/li>\n<li>Bauentwurf<\/li>\n<li>Bau- und Konstruktionsberatung<\/li>\n<\/ul>\n<p>Tepl\u00e1rensk\u00e1 608\/11,<br \/>\n108 00 Praha 10 \u2013 Male\u0161ice<br \/>\nTel. + 420 244 000 111<br \/>\nFax + 420 244 000 112<br \/>\n<a href=\"mailto:heberger@heberger.cz\">heberger@heberger.cz<\/a>[\/vc_column_text][\/vc_column_inner][vc_column_inner width=&#8220;1\/4&#8243;][vc_column_text css=&#8220;&#8220; el_class=&#8220;kbslist&#8220;]<strong>CEMEX Male\u0161ice s.r.o.<\/strong><\/p>\n<ul>\n<li>Produktion von Betonmischungen \u2013 Praha<\/li>\n<li>Gegossene Betonmischungen<\/li>\n<li>Verkauf von Betonmischungen<\/li>\n<\/ul>\n<p>Tepl\u00e1rensk\u00e1 608\/11,<br \/>\n108 00 Praha 10 \u2013 Male\u0161ice<br \/>\nTel. + 420 272 704 932<br \/>\nFax + 420 272 704 360[\/vc_column_text][\/vc_column_inner][vc_column_inner width=&#8220;1\/4&#8243;][vc_column_text css=&#8220;&#8220; el_class=&#8220;kbslist&#8220;]<strong>HELLWEG-Badsysteme GmbH &amp; Co KG<\/strong><\/p>\n<ul>\n<li>Modulare Betonfertigb\u00e4der<\/li>\n<li>Entwerfen von individuellen Badeinheiten<\/li>\n<li>Komplette Woheinheiten aus Beton<\/li>\n<\/ul>\n<p>Waldspitzweg 3<br \/>\n67105\u00a0Schifferstadt<br \/>\nDeutschland \/ Germany<br \/>\n<a href=\"mailto:info@hellweg-badsysteme.de\">info@hellweg-badsysteme.de<\/a>[\/vc_column_text][\/vc_column_inner][vc_column_inner width=&#8220;1\/4&#8243;][vc_column_text css=&#8220;&#8220; el_class=&#8220;kbslist&#8220;]<strong>PREFA PRAHA a.s.<\/strong><\/p>\n<ul>\n<li>Betonfertigteile in allen Gr\u00f6\u00dfen<\/li>\n<li>Spiroll-Deckenplatten<\/li>\n<li>Wandelemente<\/li>\n<li>St\u00fctzelemente<\/li>\n<li>Betontr\u00e4ger<\/li>\n<\/ul>\n<p>Tepl\u00e1rensk\u00e1 608\/11,<br \/>\n108 00 Praha 10 \u2013 Male\u0161ice<br \/>\nTel. + 420 281 031 111<br \/>\n<a href=\"mailto:prefa@prefa-praha.cz\">prefa@prefa-praha.cz<\/a>[\/vc_column_text][\/vc_column_inner][\/vc_row_inner][\/vc_column][\/vc_row]<\/p>\n<\/div>","protected":false},"excerpt":{"rendered":"<p>[vc_row full_width=&#8220;stretch_row_content_no_spaces&#8220; row_btt_skin=&#8220;light&#8220; row_background_text_position=&#8220;front&#8220; row_skin=&#8220;dark&#8220; css=&#8220;.vc_custom_1707307705091{background-position: center !important;background-repeat: no-repeat !important;background-size: cover !important;}&#8220; el_class=&#8220;teaser-top&#8220;][vc_column][\/vc_column][\/vc_row][vc_row row_btt_skin=&#8220;light&#8220; row_background_text_position=&#8220;front&#8220; css=&#8220;.vc_custom_1707307732610{margin-top: -20px !important;margin-left: 20px !important;}&#8220;][vc_column offset=&#8220;vc_col-lg-offset-0&#8243; css=&#8220;.vc_custom_1707307799768{margin-top: -20px !important;}&#8220;][vc_raw_html]JTVCYnJlYWRjcnVtYiU1RA==[\/vc_raw_html][vc_empty_space height=&#8220;120px&#8220; el_class=&#8220;.platzhalter-min1024&#8243;][\/vc_column][\/vc_row][vc_row row_content_width=&#8220;grid&#8220; row_btt_skin=&#8220;light&#8220; row_background_text_position=&#8220;front&#8220; el_class=&#8220;teaser-featured&#8220;][vc_column el_class=&#8220;he-teaser-content-onlytxt grau he-teaser-content-imagetxt&#8220;][vc_row_inner el_class=&#8220;he3spadresse&#8220;][vc_column_inner width=&#8220;1\/3&#8243;][vc_column_text css=&#8220;&#8220;]HEBERGER GmbH Waldspitzweg 3 67105 [&hellip;]<\/p>\n","protected":false},"author":1,"featured_media":0,"parent":0,"menu_order":0,"comment_status":"closed","ping_status":"closed","template":"","meta":{"footnotes":""},"class_list":["post-10913","page","type-page","status-publish","hentry"],"yoast_head":"<!-- This site is optimized with the Yoast SEO plugin v26.6 - https:\/\/yoast.com\/wordpress\/plugins\/seo\/ -->\n<title>KBS - Unternehmen<\/title>\n<meta name=\"description\" content=\"Bei der HEBERGER Gruppe steht der Kunde f\u00fcr uns immer an erster Stelle. Viele unserer Partnerschaften bestehen bereits seit Jahren, manchmal handelt es sich um den ersten Kontakt. In jedem Fall setzen wir uns mit voller Energie f\u00fcr die Interessen unserer Kunden ein. Dabei geht es uns um mehr als nur die Umsetzung von Pl\u00e4nen: Wir h\u00f6ren aufmerksam zu, entwickeln ein tiefes Verst\u00e4ndnis f\u00fcr die Bed\u00fcrfnisse unserer Kunden, planen gemeinsam die Vorgehensweise und schaffen Transparenz in allen Prozessen. Unser oberstes Ziel ist stets die Kundenzufriedenheit.\" \/>\n<meta name=\"robots\" content=\"index, follow, max-snippet:-1, max-image-preview:large, max-video-preview:-1\" \/>\n<link rel=\"canonical\" href=\"https:\/\/www.kbs-praha.cz\/de\/unternehmen\/\" \/>\n<meta property=\"og:locale\" content=\"de_DE\" \/>\n<meta property=\"og:type\" content=\"article\" \/>\n<meta property=\"og:title\" content=\"KBS - Unternehmen\" \/>\n<meta property=\"og:description\" content=\"Bei der HEBERGER Gruppe steht der Kunde f\u00fcr uns immer an erster Stelle. Viele unserer Partnerschaften bestehen bereits seit Jahren, manchmal handelt es sich um den ersten Kontakt. In jedem Fall setzen wir uns mit voller Energie f\u00fcr die Interessen unserer Kunden ein. Dabei geht es uns um mehr als nur die Umsetzung von Pl\u00e4nen: Wir h\u00f6ren aufmerksam zu, entwickeln ein tiefes Verst\u00e4ndnis f\u00fcr die Bed\u00fcrfnisse unserer Kunden, planen gemeinsam die Vorgehensweise und schaffen Transparenz in allen Prozessen. Unser oberstes Ziel ist stets die Kundenzufriedenheit.\" \/>\n<meta property=\"og:url\" content=\"https:\/\/www.kbs-praha.cz\/de\/unternehmen\/\" \/>\n<meta property=\"og:site_name\" content=\"KBS\" \/>\n<meta property=\"article:publisher\" content=\"https:\/\/www.facebook.com\/hebergerbau\" \/>\n<meta property=\"article:modified_time\" content=\"2025-11-13T10:56:28+00:00\" \/>\n<meta name=\"twitter:card\" content=\"summary_large_image\" \/>\n<meta name=\"twitter:label1\" content=\"Gesch\u00e4tzte Lesezeit\" \/>\n\t<meta name=\"twitter:data1\" content=\"2\u00a0Minuten\" \/>\n<script type=\"application\/ld+json\" class=\"yoast-schema-graph\">{\"@context\":\"https:\/\/schema.org\",\"@graph\":[{\"@type\":\"WebPage\",\"@id\":\"https:\/\/www.kbs-praha.cz\/de\/unternehmen\/\",\"url\":\"https:\/\/www.kbs-praha.cz\/de\/unternehmen\/\",\"name\":\"KBS - Unternehmen\",\"isPartOf\":{\"@id\":\"https:\/\/www.kbs-praha.cz\/de\/#website\"},\"datePublished\":\"2024-01-18T07:24:45+00:00\",\"dateModified\":\"2025-11-13T10:56:28+00:00\",\"description\":\"Bei der HEBERGER Gruppe steht der Kunde f\u00fcr uns immer an erster Stelle. Viele unserer Partnerschaften bestehen bereits seit Jahren, manchmal handelt es sich um den ersten Kontakt. In jedem Fall setzen wir uns mit voller Energie f\u00fcr die Interessen unserer Kunden ein. Dabei geht es uns um mehr als nur die Umsetzung von Pl\u00e4nen: Wir h\u00f6ren aufmerksam zu, entwickeln ein tiefes Verst\u00e4ndnis f\u00fcr die Bed\u00fcrfnisse unserer Kunden, planen gemeinsam die Vorgehensweise und schaffen Transparenz in allen Prozessen. Unser oberstes Ziel ist stets die Kundenzufriedenheit.\",\"breadcrumb\":{\"@id\":\"https:\/\/www.kbs-praha.cz\/de\/unternehmen\/#breadcrumb\"},\"inLanguage\":\"de\",\"potentialAction\":[{\"@type\":\"ReadAction\",\"target\":[\"https:\/\/www.kbs-praha.cz\/de\/unternehmen\/\"]}]},{\"@type\":\"BreadcrumbList\",\"@id\":\"https:\/\/www.kbs-praha.cz\/de\/unternehmen\/#breadcrumb\",\"itemListElement\":[{\"@type\":\"ListItem\",\"position\":1,\"name\":\"Startseite\",\"item\":\"https:\/\/www.kbs-praha.cz\/de\/\"},{\"@type\":\"ListItem\",\"position\":2,\"name\":\"Unternehmen\"}]},{\"@type\":\"WebSite\",\"@id\":\"https:\/\/www.kbs-praha.cz\/de\/#website\",\"url\":\"https:\/\/www.kbs-praha.cz\/de\/\",\"name\":\"KBS\",\"description\":\"in\u017een\u00fdrsk\u00e1 projektov\u00e1 kancel\u00e1\u0159 s.r.o\",\"publisher\":{\"@id\":\"https:\/\/www.kbs-praha.cz\/de\/#organization\"},\"potentialAction\":[{\"@type\":\"SearchAction\",\"target\":{\"@type\":\"EntryPoint\",\"urlTemplate\":\"https:\/\/www.kbs-praha.cz\/de\/?s={search_term_string}\"},\"query-input\":{\"@type\":\"PropertyValueSpecification\",\"valueRequired\":true,\"valueName\":\"search_term_string\"}}],\"inLanguage\":\"de\"},{\"@type\":\"Organization\",\"@id\":\"https:\/\/www.kbs-praha.cz\/de\/#organization\",\"name\":\"HEBERGER GRUPPE\",\"url\":\"https:\/\/www.kbs-praha.cz\/de\/\",\"logo\":{\"@type\":\"ImageObject\",\"inLanguage\":\"de\",\"@id\":\"https:\/\/www.kbs-praha.cz\/de\/#\/schema\/logo\/image\/\",\"url\":\"\",\"contentUrl\":\"\",\"caption\":\"HEBERGER GRUPPE\"},\"image\":{\"@id\":\"https:\/\/www.kbs-praha.cz\/de\/#\/schema\/logo\/image\/\"},\"sameAs\":[\"https:\/\/www.facebook.com\/hebergerbau\"]}]}<\/script>\n<!-- \/ Yoast SEO plugin. -->","yoast_head_json":{"title":"KBS - Unternehmen","description":"Bei der HEBERGER Gruppe steht der Kunde f\u00fcr uns immer an erster Stelle. Viele unserer Partnerschaften bestehen bereits seit Jahren, manchmal handelt es sich um den ersten Kontakt. In jedem Fall setzen wir uns mit voller Energie f\u00fcr die Interessen unserer Kunden ein. Dabei geht es uns um mehr als nur die Umsetzung von Pl\u00e4nen: Wir h\u00f6ren aufmerksam zu, entwickeln ein tiefes Verst\u00e4ndnis f\u00fcr die Bed\u00fcrfnisse unserer Kunden, planen gemeinsam die Vorgehensweise und schaffen Transparenz in allen Prozessen. Unser oberstes Ziel ist stets die Kundenzufriedenheit.","robots":{"index":"index","follow":"follow","max-snippet":"max-snippet:-1","max-image-preview":"max-image-preview:large","max-video-preview":"max-video-preview:-1"},"canonical":"https:\/\/www.kbs-praha.cz\/de\/unternehmen\/","og_locale":"de_DE","og_type":"article","og_title":"KBS - Unternehmen","og_description":"Bei der HEBERGER Gruppe steht der Kunde f\u00fcr uns immer an erster Stelle. Viele unserer Partnerschaften bestehen bereits seit Jahren, manchmal handelt es sich um den ersten Kontakt. In jedem Fall setzen wir uns mit voller Energie f\u00fcr die Interessen unserer Kunden ein. Dabei geht es uns um mehr als nur die Umsetzung von Pl\u00e4nen: Wir h\u00f6ren aufmerksam zu, entwickeln ein tiefes Verst\u00e4ndnis f\u00fcr die Bed\u00fcrfnisse unserer Kunden, planen gemeinsam die Vorgehensweise und schaffen Transparenz in allen Prozessen. Unser oberstes Ziel ist stets die Kundenzufriedenheit.","og_url":"https:\/\/www.kbs-praha.cz\/de\/unternehmen\/","og_site_name":"KBS","article_publisher":"https:\/\/www.facebook.com\/hebergerbau","article_modified_time":"2025-11-13T10:56:28+00:00","twitter_card":"summary_large_image","twitter_misc":{"Gesch\u00e4tzte Lesezeit":"2\u00a0Minuten"},"schema":{"@context":"https:\/\/schema.org","@graph":[{"@type":"WebPage","@id":"https:\/\/www.kbs-praha.cz\/de\/unternehmen\/","url":"https:\/\/www.kbs-praha.cz\/de\/unternehmen\/","name":"KBS - Unternehmen","isPartOf":{"@id":"https:\/\/www.kbs-praha.cz\/de\/#website"},"datePublished":"2024-01-18T07:24:45+00:00","dateModified":"2025-11-13T10:56:28+00:00","description":"Bei der HEBERGER Gruppe steht der Kunde f\u00fcr uns immer an erster Stelle. Viele unserer Partnerschaften bestehen bereits seit Jahren, manchmal handelt es sich um den ersten Kontakt. In jedem Fall setzen wir uns mit voller Energie f\u00fcr die Interessen unserer Kunden ein. Dabei geht es uns um mehr als nur die Umsetzung von Pl\u00e4nen: Wir h\u00f6ren aufmerksam zu, entwickeln ein tiefes Verst\u00e4ndnis f\u00fcr die Bed\u00fcrfnisse unserer Kunden, planen gemeinsam die Vorgehensweise und schaffen Transparenz in allen Prozessen. Unser oberstes Ziel ist stets die Kundenzufriedenheit.","breadcrumb":{"@id":"https:\/\/www.kbs-praha.cz\/de\/unternehmen\/#breadcrumb"},"inLanguage":"de","potentialAction":[{"@type":"ReadAction","target":["https:\/\/www.kbs-praha.cz\/de\/unternehmen\/"]}]},{"@type":"BreadcrumbList","@id":"https:\/\/www.kbs-praha.cz\/de\/unternehmen\/#breadcrumb","itemListElement":[{"@type":"ListItem","position":1,"name":"Startseite","item":"https:\/\/www.kbs-praha.cz\/de\/"},{"@type":"ListItem","position":2,"name":"Unternehmen"}]},{"@type":"WebSite","@id":"https:\/\/www.kbs-praha.cz\/de\/#website","url":"https:\/\/www.kbs-praha.cz\/de\/","name":"KBS","description":"in\u017een\u00fdrsk\u00e1 projektov\u00e1 kancel\u00e1\u0159 s.r.o","publisher":{"@id":"https:\/\/www.kbs-praha.cz\/de\/#organization"},"potentialAction":[{"@type":"SearchAction","target":{"@type":"EntryPoint","urlTemplate":"https:\/\/www.kbs-praha.cz\/de\/?s={search_term_string}"},"query-input":{"@type":"PropertyValueSpecification","valueRequired":true,"valueName":"search_term_string"}}],"inLanguage":"de"},{"@type":"Organization","@id":"https:\/\/www.kbs-praha.cz\/de\/#organization","name":"HEBERGER GRUPPE","url":"https:\/\/www.kbs-praha.cz\/de\/","logo":{"@type":"ImageObject","inLanguage":"de","@id":"https:\/\/www.kbs-praha.cz\/de\/#\/schema\/logo\/image\/","url":"","contentUrl":"","caption":"HEBERGER GRUPPE"},"image":{"@id":"https:\/\/www.kbs-praha.cz\/de\/#\/schema\/logo\/image\/"},"sameAs":["https:\/\/www.facebook.com\/hebergerbau"]}]}},"_links":{"self":[{"href":"https:\/\/www.kbs-praha.cz\/de\/wp-json\/wp\/v2\/pages\/10913","targetHints":{"allow":["GET"]}}],"collection":[{"href":"https:\/\/www.kbs-praha.cz\/de\/wp-json\/wp\/v2\/pages"}],"about":[{"href":"https:\/\/www.kbs-praha.cz\/de\/wp-json\/wp\/v2\/types\/page"}],"author":[{"embeddable":true,"href":"https:\/\/www.kbs-praha.cz\/de\/wp-json\/wp\/v2\/users\/1"}],"replies":[{"embeddable":true,"href":"https:\/\/www.kbs-praha.cz\/de\/wp-json\/wp\/v2\/comments?post=10913"}],"version-history":[{"count":8,"href":"https:\/\/www.kbs-praha.cz\/de\/wp-json\/wp\/v2\/pages\/10913\/revisions"}],"predecessor-version":[{"id":23012,"href":"https:\/\/www.kbs-praha.cz\/de\/wp-json\/wp\/v2\/pages\/10913\/revisions\/23012"}],"wp:attachment":[{"href":"https:\/\/www.kbs-praha.cz\/de\/wp-json\/wp\/v2\/media?parent=10913"}],"curies":[{"name":"wp","href":"https:\/\/api.w.org\/{rel}","templated":true}]}}