{"id":23016,"date":"2025-12-18T07:07:01","date_gmt":"2025-12-18T06:07:01","guid":{"rendered":"https:\/\/www.kbs-praha.cz\/?page_id=23016"},"modified":"2025-12-18T13:45:51","modified_gmt":"2025-12-18T12:45:51","slug":"karriere","status":"publish","type":"page","link":"https:\/\/www.kbs-praha.cz\/de\/karriere\/","title":{"rendered":"Karriere"},"content":{"rendered":"<div class=\"wpb-content-wrapper\"><p>[vc_row full_width=&#8220;stretch_row_content_no_spaces&#8220; row_btt_skin=&#8220;light&#8220; row_background_text_position=&#8220;front&#8220; row_skin=&#8220;dark&#8220; css=&#8220;.vc_custom_1707307705091{background-position: center !important;background-repeat: no-repeat !important;background-size: cover !important;}&#8220; el_class=&#8220;teaser-top&#8220;][vc_column]<div class=\"mkdf-single-image-holder   \">\n    <div class=\"mkdf-si-inner\" >\n                                    <img loading=\"lazy\" decoding=\"async\" width=\"2314\" height=\"545\" src=\"https:\/\/www.kbs-praha.cz\/wp-content\/uploads\/2025\/12\/teaser-karriere.jpg\" class=\"attachment-full size-full\" alt=\"Pl\u00e4ne\" srcset=\"https:\/\/www.kbs-praha.cz\/wp-content\/uploads\/2025\/12\/teaser-karriere.jpg 2314w, https:\/\/www.kbs-praha.cz\/wp-content\/uploads\/2025\/12\/teaser-karriere-300x71.jpg 300w, https:\/\/www.kbs-praha.cz\/wp-content\/uploads\/2025\/12\/teaser-karriere-1024x241.jpg 1024w, https:\/\/www.kbs-praha.cz\/wp-content\/uploads\/2025\/12\/teaser-karriere-150x35.jpg 150w, https:\/\/www.kbs-praha.cz\/wp-content\/uploads\/2025\/12\/teaser-karriere-768x181.jpg 768w, https:\/\/www.kbs-praha.cz\/wp-content\/uploads\/2025\/12\/teaser-karriere-1536x362.jpg 1536w\" sizes=\"auto, (max-width: 2314px) 100vw, 2314px\" \/>                        <\/div>\n<\/div>[\/vc_column][\/vc_row][vc_row row_content_width=&#8220;grid&#8220; row_btt_skin=&#8220;light&#8220; row_background_text_position=&#8220;front&#8220;][vc_column offset=&#8220;vc_col-lg-offset-0&#8243;][vc_empty_space height=&#8220;20px&#8220;][vc_raw_html]JTVCYnJlYWRjcnVtYiU1RA==[\/vc_raw_html][vc_empty_space][\/vc_column][\/vc_row][vc_row row_content_width=&#8220;grid&#8220; row_btt_skin=&#8220;light&#8220; row_background_text_position=&#8220;front&#8220;][vc_column]<div class=\"mkdf-section-title-holder  mkdf-st-standard mkdf-st-title-left mkdf-st-normal-space \" style=\"text-align: left\">\n\t<div class=\"mkdf-st-inner\">\n                    <h6 class=\"mkdf-st-intro-title\" >\n                Karriere            <\/h6>\n        \t\t\t\t\t<h1 class=\"mkdf-st-title\" >\n\t\t\t\tArbeiten bei KBS\t\t\t<\/h1>\n\t\t\t\t\t\t\t<p class=\"mkdf-st-text\" >\n\t\t\t\tDie KBS \u2013 in\u017een\u00fdrsk\u00e1 projektov\u00e1 kancel\u00e1\u0159 s.r.o. ist ein Tochterunternehmen der HEBERGER Gruppe mit Sitz in Prag. Seit 2003 sind wir spezialisiert auf Tragwerksplanung, statische Berechnungen, Fachstudien, Gutachten und Bau\u00fcberwachung. Unser Team aus erfahrenen Ingenieur:innen begleitet anspruchsvolle Projekte von der Planung bis zur Umsetzung und entwickelt individuelle L\u00f6sungen f\u00fcr komplexe Bauvorhaben.\t\t\t<\/p>\n\t\t\t<\/div>\n<\/div>[\/vc_column][\/vc_row][vc_row row_content_width=&#8220;grid&#8220; row_btt_skin=&#8220;light&#8220; row_background_text_position=&#8220;front&#8220; content_width=&#8220;grid&#8220; css=&#8220;.vc_custom_1709033527443{margin-top: -100px !important;}&#8220;][vc_column offset=&#8220;vc_col-lg-offset-0 vc_col-md-offset-0 vc_col-sm-offset-0&#8243; css=&#8220;.vc_custom_1765975368657{margin-top: 100px !important;}&#8220;]<div class=\"mkdf-section-title-holder  mkdf-st-standard mkdf-st-title-left mkdf-st-normal-space \" >\n\t<div class=\"mkdf-st-inner\">\n        \t\t\t\t\t<h2 class=\"mkdf-st-title\" style=\"color: #061B3F\">\n\t\t\t\tBauingenieur f\u00fcr Statik \/ Tragwerksplanung (m\/w\/d)\t\t\t<\/h2>\n\t\t\t\t\t<\/div>\n<\/div>[vc_separator color=&#8220;custom&#8220; border_width=&#8220;3&#8243; css=&#8220;.vc_custom_1715691913932{margin-top: 20px !important;margin-bottom: 30px !important;}&#8220; accent_color=&#8220;#061b3f&#8220;][vc_empty_space][\/vc_column][\/vc_row][vc_row row_content_width=&#8220;grid&#8220; row_btt_skin=&#8220;light&#8220; row_background_text_position=&#8220;front&#8220; content_width=&#8220;grid&#8220; css=&#8220;.vc_custom_1709033527443{margin-top: -100px !important;}&#8220;][vc_column offset=&#8220;vc_col-lg-offset-0 vc_col-md-offset-0 vc_col-sm-offset-0&#8243;]<div class=\"mkdf-section-title-holder  mkdf-st-standard mkdf-st-title-left mkdf-st-normal-space \" >\n\t<div class=\"mkdf-st-inner\">\n        \t\t\t\t\t<h3 class=\"mkdf-st-title\" style=\"color: #061B3F\">\n\t\t\t\tIhr Aufgabengebiet\t\t\t<\/h3>\n\t\t\t\t\t<\/div>\n<\/div>[vc_empty_space][vc_row_inner el_class=&#8220;teaser-featured&#8220;][vc_column_inner el_class=&#8220;he-teaser-content-onlytxt blau he-teaser-content-imagetxt&#8220; width=&#8220;1\/2&#8243;]<div class=\"mkdf-single-image-holder   \">\n    <div class=\"mkdf-si-inner\" >\n                                    <img loading=\"lazy\" decoding=\"async\" width=\"2560\" height=\"1707\" src=\"https:\/\/www.kbs-praha.cz\/wp-content\/uploads\/2025\/12\/7RV00658-scaled.jpg\" class=\"attachment-full size-full\" alt=\"\" srcset=\"https:\/\/www.kbs-praha.cz\/wp-content\/uploads\/2025\/12\/7RV00658-scaled.jpg 2560w, https:\/\/www.kbs-praha.cz\/wp-content\/uploads\/2025\/12\/7RV00658-300x200.jpg 300w, https:\/\/www.kbs-praha.cz\/wp-content\/uploads\/2025\/12\/7RV00658-1024x683.jpg 1024w, https:\/\/www.kbs-praha.cz\/wp-content\/uploads\/2025\/12\/7RV00658-150x100.jpg 150w, https:\/\/www.kbs-praha.cz\/wp-content\/uploads\/2025\/12\/7RV00658-768x512.jpg 768w, https:\/\/www.kbs-praha.cz\/wp-content\/uploads\/2025\/12\/7RV00658-1536x1024.jpg 1536w\" sizes=\"auto, (max-width: 2560px) 100vw, 2560px\" \/>                        <\/div>\n<\/div><div class=\"mkdf-section-title-holder  mkdf-st-standard mkdf-st-title-left mkdf-st-normal-space \" >\n\t<div class=\"mkdf-st-inner\">\n        \t\t\t\t\t<h4 class=\"mkdf-st-title\" style=\"color: #ffffff\">\n\t\t\t\tPlanerische Begleitung \/ Leitung unserer Bauprojekte:\t\t\t<\/h4>\n\t\t\t\t\t\t\t<h5 class=\"mkdf-st-text\" style=\"color: #ffffff;font-size: 18px;line-height: 26px;font-weight: 400;margin-top: 20px\">\n\t\t\t\tGemeinsam mit Ihren Kollegen (m\/w\/d) aus dem Technischen B\u00fcro planen Sie unsere Fertigteilkonstruktionen \u2013 von der Vordimensionierung w\u00e4hrend der Kalkulationsphase, \u00fcber das Aufstellen von pr\u00fcff\u00e4higen statischen Berechnungen bis hin zur Betonfertigteil- und Ortbetonplanung. Dabei optimieren Sie kontinuierlich unsere konstruktiven Fertigteill\u00f6sungen.\t\t\t<\/h5>\n\t\t\t<\/div>\n<\/div>[\/vc_column_inner][vc_column_inner el_class=&#8220;he-teaser-content-onlytxt blau he-teaser-content-imagetxt&#8220; width=&#8220;1\/2&#8243;]<div class=\"mkdf-single-image-holder   \">\n    <div class=\"mkdf-si-inner\" >\n                                    <img loading=\"lazy\" decoding=\"async\" width=\"2048\" height=\"1365\" src=\"https:\/\/www.kbs-praha.cz\/wp-content\/uploads\/2025\/12\/7RV00390.jpg\" class=\"attachment-full size-full\" alt=\"\" srcset=\"https:\/\/www.kbs-praha.cz\/wp-content\/uploads\/2025\/12\/7RV00390.jpg 2048w, https:\/\/www.kbs-praha.cz\/wp-content\/uploads\/2025\/12\/7RV00390-300x200.jpg 300w, https:\/\/www.kbs-praha.cz\/wp-content\/uploads\/2025\/12\/7RV00390-1024x683.jpg 1024w, https:\/\/www.kbs-praha.cz\/wp-content\/uploads\/2025\/12\/7RV00390-150x100.jpg 150w, https:\/\/www.kbs-praha.cz\/wp-content\/uploads\/2025\/12\/7RV00390-768x512.jpg 768w, https:\/\/www.kbs-praha.cz\/wp-content\/uploads\/2025\/12\/7RV00390-1536x1024.jpg 1536w\" sizes=\"auto, (max-width: 2048px) 100vw, 2048px\" \/>                        <\/div>\n<\/div><div class=\"mkdf-section-title-holder  mkdf-st-standard mkdf-st-title-left mkdf-st-normal-space \" >\n\t<div class=\"mkdf-st-inner\">\n        \t\t\t\t\t<h4 class=\"mkdf-st-title\" style=\"color: #ffffff\">\n\t\t\t\tKompetente Ansprechperson:\t\t\t<\/h4>\n\t\t\t\t\t\t\t<h5 class=\"mkdf-st-text\" style=\"color: #ffffff;font-size: 18px;line-height: 26px;font-weight: 400;margin-top: 20px\">\n\t\t\t\tSie kommunizieren regelm\u00e4\u00dfig mit weiteren Projektbeteiligten (z. B. Auftraggeber, Bauleitung, Werksproduktion), um Details Ihrer Planung abzustimmen. Des Weiteren koordinieren Sie unsere internen und externen Konstrukteure (m\/w\/d).\t\t\t<\/h5>\n\t\t\t<\/div>\n<\/div>[\/vc_column_inner][\/vc_row_inner][vc_empty_space height=&#8220;64px&#8220;][\/vc_column][\/vc_row][vc_row row_content_width=&#8220;grid&#8220; row_btt_skin=&#8220;light&#8220; row_background_text_position=&#8220;front&#8220; content_width=&#8220;grid&#8220;][vc_column offset=&#8220;vc_col-lg-offset-0 vc_col-md-offset-0 vc_col-sm-offset-0&#8243;]<div class=\"mkdf-section-title-holder  mkdf-st-standard mkdf-st-title-left mkdf-st-normal-space \" >\n\t<div class=\"mkdf-st-inner\">\n        \t\t\t\t\t<h3 class=\"mkdf-st-title\" >\n\t\t\t\tIhr Profil\t\t\t<\/h3>\n\t\t\t\t\t<\/div>\n<\/div>[vc_separator color=&#8220;custom&#8220; border_width=&#8220;3&#8243; css=&#8220;.vc_custom_1715691913932{margin-top: 20px !important;margin-bottom: 30px !important;}&#8220; accent_color=&#8220;#061b3f&#8220;][vc_column_text css=&#8220;&#8220;]<\/p>\n<div class=\"wpb_text_column wpb_content_element \">\n<div class=\"wpb_wrapper\">\n<ul>\n<li>Abgeschlossenes Studium (Master, Diplom) im Fachbereich Bauingenieurwesen mit konstruktiver Vertiefung<\/li>\n<li>Erfahrung in der planerischen Projektleitung w\u00fcnschenswert<\/li>\n<li>Sicherer Umgang mit deutschem Bau- und Normenrecht sowie mit Statik- und CAD-Programmen<\/li>\n<li>Strukturierte Arbeitsweise, Teamf\u00e4higkeit und eine ausgepr\u00e4gte Kommunikationsf\u00e4higkeit<\/li>\n<\/ul>\n<\/div>\n<\/div>\n<p>[\/vc_column_text][vc_empty_space height=&#8220;120px&#8220;][\/vc_column][\/vc_row][vc_row full_width=&#8220;stretch_row&#8220; row_btt_skin=&#8220;light&#8220; row_background_text_position=&#8220;front&#8220; el_class=&#8220;he-accordion-featured mkdf-accordion-title white&#8220; css=&#8220;.vc_custom_1766039757889{padding-top: 64px !important;padding-bottom: 64px !important;background-color: #061b3f !important;}&#8220;][vc_column offset=&#8220;vc_col-lg-offset-0 vc_col-md-offset-0 vc_col-sm-offset-0&#8243; el_class=&#8220;he-accordion .accordion-3spaltig&#8220;]<div class=\"mkdf-section-title-holder  mkdf-st-standard mkdf-st-title-left mkdf-st-normal-space \" >\n\t<div class=\"mkdf-st-inner\">\n        \t\t\t\t\t<h3 class=\"mkdf-st-title\" style=\"color: #FFFFFF\">\n\t\t\t\tWir bieten Ihnen\t\t\t<\/h3>\n\t\t\t\t\t<\/div>\n<\/div>[vc_separator color=&#8220;custom&#8220; border_width=&#8220;3&#8243; css=&#8220;.vc_custom_1765975820221{margin-top: 20px !important;margin-bottom: 30px !important;}&#8220; accent_color=&#8220;#FFFFFF&#8220;][vc_column_text css=&#8220;&#8220;]<\/p>\n<div class=\"wpb_text_column wpb_content_element \">\n<div class=\"wpb_wrapper\">\n<ul>\n<li>Spannende und anspruchsvolle Projekte in einem regional stark verwurzeltem Unternehmen mit Wachstumspotenzial<\/li>\n<li>Modernes, digitales Arbeitsumfeld sowie angenehme Arbeitsatmosph\u00e4re in einem kompetenten und engagierten Team<\/li>\n<li>Individuelle Einarbeitung<\/li>\n<li>Flexible Gestaltung Ihrer Arbeitszeit<\/li>\n<li>Verschiedene Social- und Sportevents zum Kennenlernen und Vernetzen<\/li>\n<li>Gezielte Fort- und Weiterbildungsm\u00f6glichkeiten, z. B. zur Technischen Projektleitung<\/li>\n<li>Individuelle Ma\u00dfnahmen zur Gesundheitsf\u00f6rderung, z. B. Firmentarif im Fitnessstudio, JobRad<\/li>\n<li>Leistungsgerechte tarifliche Verg\u00fctung sowie betriebliche Sozialleistungen<\/li>\n<\/ul>\n<\/div>\n<\/div>\n<p>[\/vc_column_text][vc_empty_space height=&#8220;64px&#8220;][\/vc_column][\/vc_row][vc_row row_content_width=&#8220;grid&#8220; row_btt_skin=&#8220;light&#8220; row_background_text_position=&#8220;front&#8220; content_width=&#8220;grid&#8220; css=&#8220;.vc_custom_1709033705135{margin-top: 60px !important;}&#8220;][vc_column offset=&#8220;vc_col-lg-offset-0 vc_col-md-offset-0 vc_col-sm-offset-0&#8243; css=&#8220;.vc_custom_1765980365998{margin-top: 50px !important;}&#8220;]<div class=\"mkdf-section-title-holder  mkdf-st-standard mkdf-st-title-left mkdf-st-normal-space \" >\n\t<div class=\"mkdf-st-inner\">\n        \t\t\t\t\t<h3 class=\"mkdf-st-title\" >\n\t\t\t\tSie m\u00f6chten Teil unseres Teams werden?\t\t\t<\/h3>\n\t\t\t\t\t\t\t<h5 class=\"mkdf-st-text\" >\n\t\t\t\tDann bewerben Sie sich jetzt!\t\t\t<\/h5>\n\t\t\t<\/div>\n<\/div>[vc_separator color=&#8220;custom&#8220; border_width=&#8220;3&#8243; css=&#8220;.vc_custom_1715691913932{margin-top: 20px !important;margin-bottom: 30px !important;}&#8220; accent_color=&#8220;#061b3f&#8220;][vc_column_text css=&#8220;&#8220;]<span style=\"color: #061b3f;\">Ing. Ji\u0159\u00ed \u010c\u00ed\u017eek +420 602 276 605<\/span><br \/>\n<span style=\"color: #061b3f;\">Ing. Filip Kl\u00edma +420 724 643 924<\/span><\/p>\n<p><span style=\"color: #061b3f;\">kbs@kbs-praha.cz<\/span>[\/vc_column_text][vc_empty_space height=&#8220;100px&#8220;][\/vc_column][\/vc_row]<\/p>\n<\/div>","protected":false},"excerpt":{"rendered":"<p>[vc_row full_width=&#8220;stretch_row_content_no_spaces&#8220; row_btt_skin=&#8220;light&#8220; row_background_text_position=&#8220;front&#8220; row_skin=&#8220;dark&#8220; css=&#8220;.vc_custom_1707307705091{background-position: center !important;background-repeat: no-repeat !important;background-size: cover !important;}&#8220; el_class=&#8220;teaser-top&#8220;][vc_column][\/vc_column][\/vc_row][vc_row row_content_width=&#8220;grid&#8220; row_btt_skin=&#8220;light&#8220; row_background_text_position=&#8220;front&#8220;][vc_column offset=&#8220;vc_col-lg-offset-0&#8243;][vc_empty_space height=&#8220;20px&#8220;][vc_raw_html]JTVCYnJlYWRjcnVtYiU1RA==[\/vc_raw_html][vc_empty_space][\/vc_column][\/vc_row][vc_row row_content_width=&#8220;grid&#8220; row_btt_skin=&#8220;light&#8220; row_background_text_position=&#8220;front&#8220;][vc_column][\/vc_column][\/vc_row][vc_row row_content_width=&#8220;grid&#8220; row_btt_skin=&#8220;light&#8220; row_background_text_position=&#8220;front&#8220; content_width=&#8220;grid&#8220; css=&#8220;.vc_custom_1709033527443{margin-top: -100px !important;}&#8220;][vc_column offset=&#8220;vc_col-lg-offset-0 vc_col-md-offset-0 vc_col-sm-offset-0&#8243; css=&#8220;.vc_custom_1765975368657{margin-top: 100px !important;}&#8220;][vc_separator color=&#8220;custom&#8220; border_width=&#8220;3&#8243; css=&#8220;.vc_custom_1715691913932{margin-top: 20px !important;margin-bottom: 30px [&hellip;]<\/p>\n","protected":false},"author":2,"featured_media":0,"parent":0,"menu_order":0,"comment_status":"closed","ping_status":"closed","template":"","meta":{"footnotes":""},"class_list":["post-23016","page","type-page","status-publish","hentry"],"yoast_head":"<!-- This site is optimized with the Yoast SEO plugin v26.6 - https:\/\/yoast.com\/wordpress\/plugins\/seo\/ -->\n<title>KBS - Karriere<\/title>\n<meta name=\"description\" content=\"Die KBS \u2013 in\u017een\u00fdrsk\u00e1 projektov\u00e1 kancel\u00e1\u0159 s.r.o. ist ein Tochterunternehmen der HEBERGER Gruppe mit Sitz in Prag. Seit 2003 sind wir spezialisiert auf Tragwerksplanung, statische Berechnungen, Fachstudien, Gutachten und Bau\u00fcberwachung. Unser Team aus erfahrenen Ingenieur:innen begleitet anspruchsvolle Projekte von der Planung bis zur Umsetzung und entwickelt individuelle L\u00f6sungen f\u00fcr komplexe Bauvorhaben.\" \/>\n<meta name=\"robots\" content=\"index, follow, max-snippet:-1, max-image-preview:large, max-video-preview:-1\" \/>\n<link rel=\"canonical\" href=\"https:\/\/www.kbs-praha.cz\/de\/karriere\/\" \/>\n<meta property=\"og:locale\" content=\"de_DE\" \/>\n<meta property=\"og:type\" content=\"article\" \/>\n<meta property=\"og:title\" content=\"KBS - Karriere\" \/>\n<meta property=\"og:description\" content=\"Die KBS \u2013 in\u017een\u00fdrsk\u00e1 projektov\u00e1 kancel\u00e1\u0159 s.r.o. ist ein Tochterunternehmen der HEBERGER Gruppe mit Sitz in Prag. Seit 2003 sind wir spezialisiert auf Tragwerksplanung, statische Berechnungen, Fachstudien, Gutachten und Bau\u00fcberwachung. Unser Team aus erfahrenen Ingenieur:innen begleitet anspruchsvolle Projekte von der Planung bis zur Umsetzung und entwickelt individuelle L\u00f6sungen f\u00fcr komplexe Bauvorhaben.\" \/>\n<meta property=\"og:url\" content=\"https:\/\/www.kbs-praha.cz\/de\/karriere\/\" \/>\n<meta property=\"og:site_name\" content=\"KBS\" \/>\n<meta property=\"article:publisher\" content=\"https:\/\/www.facebook.com\/hebergerbau\" \/>\n<meta property=\"article:modified_time\" content=\"2025-12-18T12:45:51+00:00\" \/>\n<meta name=\"twitter:card\" content=\"summary_large_image\" \/>\n<meta name=\"twitter:label1\" content=\"Gesch\u00e4tzte Lesezeit\" \/>\n\t<meta name=\"twitter:data1\" content=\"3\u00a0Minuten\" \/>\n<script type=\"application\/ld+json\" class=\"yoast-schema-graph\">{\"@context\":\"https:\/\/schema.org\",\"@graph\":[{\"@type\":\"WebPage\",\"@id\":\"https:\/\/www.kbs-praha.cz\/de\/karriere\/\",\"url\":\"https:\/\/www.kbs-praha.cz\/de\/karriere\/\",\"name\":\"KBS - Karriere\",\"isPartOf\":{\"@id\":\"https:\/\/www.kbs-praha.cz\/de\/#website\"},\"datePublished\":\"2025-12-18T06:07:01+00:00\",\"dateModified\":\"2025-12-18T12:45:51+00:00\",\"description\":\"Die KBS \u2013 in\u017een\u00fdrsk\u00e1 projektov\u00e1 kancel\u00e1\u0159 s.r.o. ist ein Tochterunternehmen der HEBERGER Gruppe mit Sitz in Prag. Seit 2003 sind wir spezialisiert auf Tragwerksplanung, statische Berechnungen, Fachstudien, Gutachten und Bau\u00fcberwachung. Unser Team aus erfahrenen Ingenieur:innen begleitet anspruchsvolle Projekte von der Planung bis zur Umsetzung und entwickelt individuelle L\u00f6sungen f\u00fcr komplexe Bauvorhaben.\",\"breadcrumb\":{\"@id\":\"https:\/\/www.kbs-praha.cz\/de\/karriere\/#breadcrumb\"},\"inLanguage\":\"de\",\"potentialAction\":[{\"@type\":\"ReadAction\",\"target\":[\"https:\/\/www.kbs-praha.cz\/de\/karriere\/\"]}]},{\"@type\":\"BreadcrumbList\",\"@id\":\"https:\/\/www.kbs-praha.cz\/de\/karriere\/#breadcrumb\",\"itemListElement\":[{\"@type\":\"ListItem\",\"position\":1,\"name\":\"Startseite\",\"item\":\"https:\/\/www.kbs-praha.cz\/de\/\"},{\"@type\":\"ListItem\",\"position\":2,\"name\":\"Karriere\"}]},{\"@type\":\"WebSite\",\"@id\":\"https:\/\/www.kbs-praha.cz\/de\/#website\",\"url\":\"https:\/\/www.kbs-praha.cz\/de\/\",\"name\":\"KBS\",\"description\":\"in\u017een\u00fdrsk\u00e1 projektov\u00e1 kancel\u00e1\u0159 s.r.o\",\"publisher\":{\"@id\":\"https:\/\/www.kbs-praha.cz\/de\/#organization\"},\"potentialAction\":[{\"@type\":\"SearchAction\",\"target\":{\"@type\":\"EntryPoint\",\"urlTemplate\":\"https:\/\/www.kbs-praha.cz\/de\/?s={search_term_string}\"},\"query-input\":{\"@type\":\"PropertyValueSpecification\",\"valueRequired\":true,\"valueName\":\"search_term_string\"}}],\"inLanguage\":\"de\"},{\"@type\":\"Organization\",\"@id\":\"https:\/\/www.kbs-praha.cz\/de\/#organization\",\"name\":\"HEBERGER GRUPPE\",\"url\":\"https:\/\/www.kbs-praha.cz\/de\/\",\"logo\":{\"@type\":\"ImageObject\",\"inLanguage\":\"de\",\"@id\":\"https:\/\/www.kbs-praha.cz\/de\/#\/schema\/logo\/image\/\",\"url\":\"\",\"contentUrl\":\"\",\"caption\":\"HEBERGER GRUPPE\"},\"image\":{\"@id\":\"https:\/\/www.kbs-praha.cz\/de\/#\/schema\/logo\/image\/\"},\"sameAs\":[\"https:\/\/www.facebook.com\/hebergerbau\"]}]}<\/script>\n<!-- \/ Yoast SEO plugin. -->","yoast_head_json":{"title":"KBS - Karriere","description":"Die KBS \u2013 in\u017een\u00fdrsk\u00e1 projektov\u00e1 kancel\u00e1\u0159 s.r.o. ist ein Tochterunternehmen der HEBERGER Gruppe mit Sitz in Prag. Seit 2003 sind wir spezialisiert auf Tragwerksplanung, statische Berechnungen, Fachstudien, Gutachten und Bau\u00fcberwachung. Unser Team aus erfahrenen Ingenieur:innen begleitet anspruchsvolle Projekte von der Planung bis zur Umsetzung und entwickelt individuelle L\u00f6sungen f\u00fcr komplexe Bauvorhaben.","robots":{"index":"index","follow":"follow","max-snippet":"max-snippet:-1","max-image-preview":"max-image-preview:large","max-video-preview":"max-video-preview:-1"},"canonical":"https:\/\/www.kbs-praha.cz\/de\/karriere\/","og_locale":"de_DE","og_type":"article","og_title":"KBS - Karriere","og_description":"Die KBS \u2013 in\u017een\u00fdrsk\u00e1 projektov\u00e1 kancel\u00e1\u0159 s.r.o. ist ein Tochterunternehmen der HEBERGER Gruppe mit Sitz in Prag. Seit 2003 sind wir spezialisiert auf Tragwerksplanung, statische Berechnungen, Fachstudien, Gutachten und Bau\u00fcberwachung. Unser Team aus erfahrenen Ingenieur:innen begleitet anspruchsvolle Projekte von der Planung bis zur Umsetzung und entwickelt individuelle L\u00f6sungen f\u00fcr komplexe Bauvorhaben.","og_url":"https:\/\/www.kbs-praha.cz\/de\/karriere\/","og_site_name":"KBS","article_publisher":"https:\/\/www.facebook.com\/hebergerbau","article_modified_time":"2025-12-18T12:45:51+00:00","twitter_card":"summary_large_image","twitter_misc":{"Gesch\u00e4tzte Lesezeit":"3\u00a0Minuten"},"schema":{"@context":"https:\/\/schema.org","@graph":[{"@type":"WebPage","@id":"https:\/\/www.kbs-praha.cz\/de\/karriere\/","url":"https:\/\/www.kbs-praha.cz\/de\/karriere\/","name":"KBS - Karriere","isPartOf":{"@id":"https:\/\/www.kbs-praha.cz\/de\/#website"},"datePublished":"2025-12-18T06:07:01+00:00","dateModified":"2025-12-18T12:45:51+00:00","description":"Die KBS \u2013 in\u017een\u00fdrsk\u00e1 projektov\u00e1 kancel\u00e1\u0159 s.r.o. ist ein Tochterunternehmen der HEBERGER Gruppe mit Sitz in Prag. Seit 2003 sind wir spezialisiert auf Tragwerksplanung, statische Berechnungen, Fachstudien, Gutachten und Bau\u00fcberwachung. Unser Team aus erfahrenen Ingenieur:innen begleitet anspruchsvolle Projekte von der Planung bis zur Umsetzung und entwickelt individuelle L\u00f6sungen f\u00fcr komplexe Bauvorhaben.","breadcrumb":{"@id":"https:\/\/www.kbs-praha.cz\/de\/karriere\/#breadcrumb"},"inLanguage":"de","potentialAction":[{"@type":"ReadAction","target":["https:\/\/www.kbs-praha.cz\/de\/karriere\/"]}]},{"@type":"BreadcrumbList","@id":"https:\/\/www.kbs-praha.cz\/de\/karriere\/#breadcrumb","itemListElement":[{"@type":"ListItem","position":1,"name":"Startseite","item":"https:\/\/www.kbs-praha.cz\/de\/"},{"@type":"ListItem","position":2,"name":"Karriere"}]},{"@type":"WebSite","@id":"https:\/\/www.kbs-praha.cz\/de\/#website","url":"https:\/\/www.kbs-praha.cz\/de\/","name":"KBS","description":"in\u017een\u00fdrsk\u00e1 projektov\u00e1 kancel\u00e1\u0159 s.r.o","publisher":{"@id":"https:\/\/www.kbs-praha.cz\/de\/#organization"},"potentialAction":[{"@type":"SearchAction","target":{"@type":"EntryPoint","urlTemplate":"https:\/\/www.kbs-praha.cz\/de\/?s={search_term_string}"},"query-input":{"@type":"PropertyValueSpecification","valueRequired":true,"valueName":"search_term_string"}}],"inLanguage":"de"},{"@type":"Organization","@id":"https:\/\/www.kbs-praha.cz\/de\/#organization","name":"HEBERGER GRUPPE","url":"https:\/\/www.kbs-praha.cz\/de\/","logo":{"@type":"ImageObject","inLanguage":"de","@id":"https:\/\/www.kbs-praha.cz\/de\/#\/schema\/logo\/image\/","url":"","contentUrl":"","caption":"HEBERGER GRUPPE"},"image":{"@id":"https:\/\/www.kbs-praha.cz\/de\/#\/schema\/logo\/image\/"},"sameAs":["https:\/\/www.facebook.com\/hebergerbau"]}]}},"_links":{"self":[{"href":"https:\/\/www.kbs-praha.cz\/de\/wp-json\/wp\/v2\/pages\/23016","targetHints":{"allow":["GET"]}}],"collection":[{"href":"https:\/\/www.kbs-praha.cz\/de\/wp-json\/wp\/v2\/pages"}],"about":[{"href":"https:\/\/www.kbs-praha.cz\/de\/wp-json\/wp\/v2\/types\/page"}],"author":[{"embeddable":true,"href":"https:\/\/www.kbs-praha.cz\/de\/wp-json\/wp\/v2\/users\/2"}],"replies":[{"embeddable":true,"href":"https:\/\/www.kbs-praha.cz\/de\/wp-json\/wp\/v2\/comments?post=23016"}],"version-history":[{"count":8,"href":"https:\/\/www.kbs-praha.cz\/de\/wp-json\/wp\/v2\/pages\/23016\/revisions"}],"predecessor-version":[{"id":23088,"href":"https:\/\/www.kbs-praha.cz\/de\/wp-json\/wp\/v2\/pages\/23016\/revisions\/23088"}],"wp:attachment":[{"href":"https:\/\/www.kbs-praha.cz\/de\/wp-json\/wp\/v2\/media?parent=23016"}],"curies":[{"name":"wp","href":"https:\/\/api.w.org\/{rel}","templated":true}]}}