{"id":7365,"date":"2023-03-27T07:22:17","date_gmt":"2023-03-27T05:22:17","guid":{"rendered":"https:\/\/www.kbs-praha.cz\/?page_id=7365"},"modified":"2025-10-16T08:56:33","modified_gmt":"2025-10-16T06:56:33","slug":"impressum","status":"publish","type":"page","link":"https:\/\/www.kbs-praha.cz\/de\/impressum\/","title":{"rendered":"Impressum"},"content":{"rendered":"<div class=\"wpb-content-wrapper\"><p>[vc_row row_btt_skin=&#8220;light&#8220; row_background_text_position=&#8220;front&#8220;][vc_column][vc_column_text]<\/p>\n<article class=\"main-content\" role=\"article\">\n<section class=\"section \">\n<div class=\"section-content\">\n<div class=\"row column\">\n<h2><strong>Impressum<\/strong><\/h2>\n<\/div>\n<\/div>\n<\/section>\n<\/article>\n<p>[\/vc_column_text][\/vc_column][\/vc_row][vc_row row_btt_skin=&#8220;light&#8220; row_background_text_position=&#8220;front&#8220;][vc_column][vc_empty_space height=&#8220;60px&#8220;][\/vc_column][\/vc_row][vc_row row_btt_skin=&#8220;light&#8220; row_background_text_position=&#8220;front&#8220;][vc_column width=&#8220;1\/2&#8243;][vc_column_text css=&#8220;&#8220;]<\/p>\n<article class=\"main-content\" role=\"article\">\n<section class=\"section \">\n<div class=\"section-content\">\n<div class=\"row column\">\n<p><strong>Herausgeber<\/strong><br \/>\nKBS in\u017een\u00fdrsk\u00e1 projektov\u00e1 kancel\u00e1\u0159 s.r.o<br \/>\nTepl\u00e1rensk\u00e1 608\/11<br \/>\n108 00 Praha 10<br \/>\nTelefon +420 270 006 777<br \/>\nE-Mail: <a href=\"mailto:kbs@kbs-praha.cz\">kbs@kbs-praha.cz<\/a><\/p>\n<\/div>\n<\/div>\n<\/section>\n<\/article>\n<p>\u00a0[\/vc_column_text][\/vc_column][vc_column width=&#8220;1\/2&#8243;][\/vc_column][\/vc_row][vc_row row_btt_skin=&#8220;light&#8220; row_background_text_position=&#8220;front&#8220;][vc_column][vc_empty_space height=&#8220;30px&#8220;][\/vc_column][\/vc_row][vc_row row_btt_skin=&#8220;light&#8220; row_background_text_position=&#8220;front&#8220;][vc_column][vc_column_text css_animation=&#8220;none&#8220; css=&#8220;&#8220;]<\/p>\n<article class=\"main-content\" role=\"article\">\n<section class=\"section \">\n<div class=\"section-content\">\n<div class=\"row column\">\n<p><strong>Verantwortlich f\u00fcr redaktionelle Inhalte:<br \/>\n<\/strong>Filip Kl\u00edma, Ji\u0159\u00ed \u010c\u00ed\u017eek<br \/>\nPod Lysinami 518\/28<br \/>\nPraha 4 \u2013 Hodkovi\u010dky, 147 00 (Office)<\/p>\n<\/div>\n<\/div>\n<\/section>\n<\/article>\n<p>\u00a0[\/vc_column_text][\/vc_column][\/vc_row][vc_row row_btt_skin=&#8220;light&#8220; row_background_text_position=&#8220;front&#8220;][vc_column][vc_empty_space height=&#8220;30px&#8220;][\/vc_column][\/vc_row][vc_row row_btt_skin=&#8220;light&#8220; row_background_text_position=&#8220;front&#8220;][vc_column][vc_column_text css=&#8220;&#8220;]<\/p>\n<article class=\"main-content\" role=\"article\">\n<section class=\"section \">\n<div class=\"section-content\">\n<div class=\"row column\">\n<p><strong>Haftungsvorbehalt<\/strong><br \/>\nMit Urteil vom 12. Mai 1998 hat das LG Hamburg entschieden, dass man durch das Setzen eines Links, die Inhalte der gelinkten Seite ggf. mit zu verantworten hat. Hiermit distanzieren wir uns ausdr\u00fccklich von den verlinkten Seiten.<\/p>\n<p><strong>Copyright<\/strong><br \/>\nDie dargestellten Informationen d\u00fcrfen gespeichert, weitergegeben und vervielf\u00e4ltigt werden, jedoch ohne sie zu ver\u00e4ndern oder zu verf\u00e4lschen. Bei Weitergabe und Vervielf\u00e4ltigung wird um Quellenangabe gebeten. Grafiken unterliegen dem Urheberrecht und d\u00fcrfen ohne Genehmigung des Urhebers nicht vervielf\u00e4ltigt werden.<\/p>\n<p><strong>Bildrechte<\/strong><br \/>\nHEBERGER GmbH, Envato, Marcus Medwed, Petra Feldmann, H.-P. Merkle, Denise B\u00fcttner<\/p>\n<p><strong>Verfahrensverzeichnis f\u00fcr jedermann (\u00a7 4 e Nr. 1 \u2013 8 BDSG)<\/strong><\/p>\n<div>\n<div>\n<p><strong>Name oder Firma der verantwortlichen Stelle:<\/strong><br \/>\nKBS in\u017een\u00fdrsk\u00e1 projektov\u00e1 kancel\u00e1\u0159 s.r.o<\/p>\n<p><strong>Leiter der verantwortlichen Stelle und der Datenverarbeitung:<\/strong><br \/>\nFilip Kl\u00edma, Ji\u0159\u00ed \u010c\u00ed\u017eek<\/p>\n<p><strong>Anschrift der verantwortlichen Stelle:<\/strong><br \/>\nTepl\u00e1rensk\u00e1 608\/11<br \/>\n108 00 Praha 10<\/p>\n<p><strong>Zweckbestimmung der Datenerhebung, -verarbeitung oder -nutzung:<\/strong><br \/>\nDie Datenerhebung, -verarbeitung und \u2013nutzung erfolgt f\u00fcr eigene Zwecke im Sinn des \u00a728 BDSG. Abgeleitet aus der Satzung ist der Gegenstand des Unternehmens die Planung und Errichtung von Bauwerken aller Art sowie die Durchf\u00fchrung von Bauarbeiten jeder Art f\u00fcr eigene oder fremde Rechnung einschlie\u00dflich aller Arbeiten, die damit unmittelbar oder mittelbar zusammenh\u00e4ngen. Die Gesellschaft kann bewegliche und unbewegliche Sachen herstellen, erwerben, nutzen und ver\u00e4u\u00dfern.<\/p>\n<p><strong>Beschreibung der betroffenen Personengruppen und der diesbez\u00fcglichen Daten- oder Datenkategorien:<\/strong><br \/>\nDie betroffenen Personengruppen und die diesbez\u00fcglichen Daten oder Datenkategorien ergeben sich aus der Zweckbestimmung (Nr. 4). Es handelt sich haupts\u00e4chlich um folgende Personengruppen:<br \/>\nEigene Mitarbeiter, Auszubildende, Praktikanten, Bewerber, Auftraggeber sowie deren Mitarbeiter, Kunden, Lieferanten, Dienstleister, Vertragspartner und Kontaktpersonen zu vor genannten Gruppen.<br \/>\n\u2026Datenkategorien: Stammdaten, Abrechnungsdaten, Interessentendaten, Kundendaten, Vertragsdaten, Zahlungsdaten, Steuerungsdaten, Daten von Auftraggebern, Mitarbeiterdaten, Gesch\u00e4ftspartnerdaten, Lieferantendaten, Daten \u00f6ffentlicher Stellen.<br \/>\n\u2026Daten: Adressdaten, Namensdaten, Geburtsdatum, Steuernummern, USt-ID-Nummern, Angaben zu Sozialversicherungsnummer, Konfession, Bankverbindung, Gesundheitsdaten, Planungsdaten, Vertragsdaten, Abrechnungsdaten, freiwillige Angaben des Betroffenen soweit dies zur Erledigung des Auftrags oder zur Vertragsabwicklung erforderlich ist. Im Bereich der Personalverwaltung werden zus\u00e4tzlich Angaben zur Qualifikation, Ein- und Austritt in das Besch\u00e4ftigungsverh\u00e4ltnis, Lohn- und Gehaltsdaten, Renten- und Sozialversicherungsdaten, Abmahnungen, Zeugnisse und Bewerbungsunterlagen gespeichert.<\/p>\n<p><strong>\u00a0Empf\u00e4nger oder Kategorien von Empf\u00e4ngern, denen die Daten mitgeteilt werden k\u00f6nnen:<\/strong><br \/>\nOhne Einverst\u00e4ndnis werden keine personenbezogenen Daten weitergeleitet. Liegt das ausdr\u00fcckliche Einverst\u00e4ndnis oder der Auftrag des Vertragspartners vor oder bestimmen vorrangige Rechtsvorschriften die Weitergaben von Daten, so werden Daten an<br \/>\n\u2013 \u00d6ffentliche Stellen (z.B. Finanz\u00e4mter, Sozialversicherungstr\u00e4ger, Banken, Versicherungen, Gerichte)<br \/>\n\u2013 interne Stellen, die an der Ausf\u00fchrung der jeweiligen Gesch\u00e4ftsprozesse beteiligt sind<br \/>\n(z.B. Personalverwaltung, Buchhaltung, Rechnungswesen, Einkauf, Marketing, allgemeine Verwaltung, Vertrieb)<br \/>\n\u2013 externe Auftragnehmer (Dienstleistungsunternehmen) entsprechend \u00a711 BDSG<br \/>\n\u2013 weitere Stellen sofern zur Verfolgung der unter 4. genannten Zwecke erforderlich \u00fcbermittelt.<\/p>\n<p><strong>Regelfristen f\u00fcr die L\u00f6schung der Daten:<\/strong><br \/>\nDer Gesetzgeber hat vielf\u00e4ltige Aufbewahrungspflichten und \u2013fristen erlassen. Nach Ablauf dieser Fristen werden die entsprechenden Daten routinem\u00e4\u00dfig gel\u00f6scht, wenn sie nicht mehr zur Vertragserf\u00fcllung erforderlich sind, soweit gesetzliche Aufbewahrungspflichten und \u2013fristen dem nicht entgegenstehen. Sofern Daten hiervor nicht ber\u00fchrt sind, werden sie gel\u00f6scht, wenn die unter 4. genannten Zwecke wegfallen.<\/p>\n<p><strong>Geplante Daten\u00fcbermittlung in Drittstaaten:<\/strong><br \/>\nEine \u00dcbermittlung der Daten an Drittstaaten ist nicht geplant. F\u00fcr Fragen und Anregungen zum Datenschutz der HELLWEG Badsysteme GmbH &amp; Co KG steht Ihnen unser betrieblicher Datenschutzbeauftragter unter der E-Mail:<br \/>\ndatenschutz@heberger.com gerne zur Verf\u00fcgung.<\/p>\n<\/div>\n<\/div>\n<p>Regelfristen f\u00fcr die L\u00f6schung der Daten:<br \/>\nDer Gesetzgeber hat vielf\u00e4ltige Aufbewahrungspflichten und \u2013fristen erlassen. Nach Ablauf dieser Fristen werden die entsprechenden Daten routinem\u00e4\u00dfig gel\u00f6scht, wenn sie nicht mehr zur Vertragserf\u00fcllung erforderlich sind, soweit gesetzliche Aufbewahrungspflichten und \u2013fristen dem nicht entgegenstehen. Sofern Daten hiervor nicht ber\u00fchrt sind, werden sie gel\u00f6scht, wenn die unter 4. genannten Zwecke wegfallen.<\/p>\n<\/div>\n<\/div>\n<\/section>\n<\/article>\n<p>[\/vc_column_text][\/vc_column][\/vc_row][vc_row row_btt_skin=&#8220;light&#8220; row_background_text_position=&#8220;front&#8220;][vc_column][vc_empty_space height=&#8220;60px&#8220;][\/vc_column][\/vc_row]<\/p>\n<\/div>","protected":false},"excerpt":{"rendered":"<p>[vc_row row_btt_skin=&#8220;light&#8220; row_background_text_position=&#8220;front&#8220;][vc_column][vc_column_text] Impressum [\/vc_column_text][\/vc_column][\/vc_row][vc_row row_btt_skin=&#8220;light&#8220; row_background_text_position=&#8220;front&#8220;][vc_column][vc_empty_space height=&#8220;60px&#8220;][\/vc_column][\/vc_row][vc_row row_btt_skin=&#8220;light&#8220; row_background_text_position=&#8220;front&#8220;][vc_column width=&#8220;1\/2&#8243;][vc_column_text css=&#8220;&#8220;] Herausgeber KBS in\u017een\u00fdrsk\u00e1 projektov\u00e1 kancel\u00e1\u0159 s.r.o Tepl\u00e1rensk\u00e1 608\/11 108 00 Praha 10 Telefon +420 270 006 777 E-Mail: kbs@kbs-praha.cz \u00a0[\/vc_column_text][\/vc_column][vc_column width=&#8220;1\/2&#8243;][\/vc_column][\/vc_row][vc_row row_btt_skin=&#8220;light&#8220; row_background_text_position=&#8220;front&#8220;][vc_column][vc_empty_space height=&#8220;30px&#8220;][\/vc_column][\/vc_row][vc_row row_btt_skin=&#8220;light&#8220; row_background_text_position=&#8220;front&#8220;][vc_column][vc_column_text css_animation=&#8220;none&#8220; css=&#8220;&#8220;] [&hellip;]<\/p>\n","protected":false},"author":1,"featured_media":0,"parent":0,"menu_order":0,"comment_status":"closed","ping_status":"closed","template":"","meta":{"footnotes":""},"class_list":["post-7365","page","type-page","status-publish","hentry"],"yoast_head":"<!-- This site is optimized with the Yoast SEO plugin v26.6 - https:\/\/yoast.com\/wordpress\/plugins\/seo\/ -->\n<title>KBS - Impressum<\/title>\n<meta name=\"robots\" content=\"index, follow, max-snippet:-1, max-image-preview:large, max-video-preview:-1\" \/>\n<link rel=\"canonical\" href=\"https:\/\/www.kbs-praha.cz\/de\/impressum\/\" \/>\n<meta property=\"og:locale\" content=\"de_DE\" \/>\n<meta property=\"og:type\" content=\"article\" \/>\n<meta property=\"og:title\" content=\"KBS - Impressum\" \/>\n<meta property=\"og:description\" content=\"[vc_row row_btt_skin=&#8220;light&#8220; row_background_text_position=&#8220;front&#8220;][vc_column][vc_column_text] Impressum [\/vc_column_text][\/vc_column][\/vc_row][vc_row row_btt_skin=&#8220;light&#8220; row_background_text_position=&#8220;front&#8220;][vc_column][vc_empty_space height=&#8220;60px&#8220;][\/vc_column][\/vc_row][vc_row row_btt_skin=&#8220;light&#8220; row_background_text_position=&#8220;front&#8220;][vc_column width=&#8220;1\/2&#8243;][vc_column_text css=&#8220;&#8220;] Herausgeber KBS in\u017een\u00fdrsk\u00e1 projektov\u00e1 kancel\u00e1\u0159 s.r.o Tepl\u00e1rensk\u00e1 608\/11 108 00 Praha 10 Telefon +420 270 006 777 E-Mail: kbs@kbs-praha.cz \u00a0[\/vc_column_text][\/vc_column][vc_column width=&#8220;1\/2&#8243;][\/vc_column][\/vc_row][vc_row row_btt_skin=&#8220;light&#8220; row_background_text_position=&#8220;front&#8220;][vc_column][vc_empty_space height=&#8220;30px&#8220;][\/vc_column][\/vc_row][vc_row row_btt_skin=&#8220;light&#8220; row_background_text_position=&#8220;front&#8220;][vc_column][vc_column_text css_animation=&#8220;none&#8220; css=&#8220;&#8220;] [&hellip;]\" \/>\n<meta property=\"og:url\" content=\"https:\/\/www.kbs-praha.cz\/de\/impressum\/\" \/>\n<meta property=\"og:site_name\" content=\"KBS\" \/>\n<meta property=\"article:publisher\" content=\"https:\/\/www.facebook.com\/hebergerbau\" \/>\n<meta property=\"article:modified_time\" content=\"2025-10-16T06:56:33+00:00\" \/>\n<meta name=\"twitter:card\" content=\"summary_large_image\" \/>\n<meta name=\"twitter:label1\" content=\"Gesch\u00e4tzte Lesezeit\" \/>\n\t<meta name=\"twitter:data1\" content=\"4\u00a0Minuten\" \/>\n<script type=\"application\/ld+json\" class=\"yoast-schema-graph\">{\"@context\":\"https:\/\/schema.org\",\"@graph\":[{\"@type\":\"WebPage\",\"@id\":\"https:\/\/www.kbs-praha.cz\/de\/impressum\/\",\"url\":\"https:\/\/www.kbs-praha.cz\/de\/impressum\/\",\"name\":\"KBS - Impressum\",\"isPartOf\":{\"@id\":\"https:\/\/www.kbs-praha.cz\/de\/#website\"},\"datePublished\":\"2023-03-27T05:22:17+00:00\",\"dateModified\":\"2025-10-16T06:56:33+00:00\",\"breadcrumb\":{\"@id\":\"https:\/\/www.kbs-praha.cz\/de\/impressum\/#breadcrumb\"},\"inLanguage\":\"de\",\"potentialAction\":[{\"@type\":\"ReadAction\",\"target\":[\"https:\/\/www.kbs-praha.cz\/de\/impressum\/\"]}]},{\"@type\":\"BreadcrumbList\",\"@id\":\"https:\/\/www.kbs-praha.cz\/de\/impressum\/#breadcrumb\",\"itemListElement\":[{\"@type\":\"ListItem\",\"position\":1,\"name\":\"Startseite\",\"item\":\"https:\/\/www.kbs-praha.cz\/de\/\"},{\"@type\":\"ListItem\",\"position\":2,\"name\":\"Impressum\"}]},{\"@type\":\"WebSite\",\"@id\":\"https:\/\/www.kbs-praha.cz\/de\/#website\",\"url\":\"https:\/\/www.kbs-praha.cz\/de\/\",\"name\":\"KBS\",\"description\":\"in\u017een\u00fdrsk\u00e1 projektov\u00e1 kancel\u00e1\u0159 s.r.o\",\"publisher\":{\"@id\":\"https:\/\/www.kbs-praha.cz\/de\/#organization\"},\"potentialAction\":[{\"@type\":\"SearchAction\",\"target\":{\"@type\":\"EntryPoint\",\"urlTemplate\":\"https:\/\/www.kbs-praha.cz\/de\/?s={search_term_string}\"},\"query-input\":{\"@type\":\"PropertyValueSpecification\",\"valueRequired\":true,\"valueName\":\"search_term_string\"}}],\"inLanguage\":\"de\"},{\"@type\":\"Organization\",\"@id\":\"https:\/\/www.kbs-praha.cz\/de\/#organization\",\"name\":\"HEBERGER GRUPPE\",\"url\":\"https:\/\/www.kbs-praha.cz\/de\/\",\"logo\":{\"@type\":\"ImageObject\",\"inLanguage\":\"de\",\"@id\":\"https:\/\/www.kbs-praha.cz\/de\/#\/schema\/logo\/image\/\",\"url\":\"\",\"contentUrl\":\"\",\"caption\":\"HEBERGER GRUPPE\"},\"image\":{\"@id\":\"https:\/\/www.kbs-praha.cz\/de\/#\/schema\/logo\/image\/\"},\"sameAs\":[\"https:\/\/www.facebook.com\/hebergerbau\"]}]}<\/script>\n<!-- \/ Yoast SEO plugin. -->","yoast_head_json":{"title":"KBS - Impressum","robots":{"index":"index","follow":"follow","max-snippet":"max-snippet:-1","max-image-preview":"max-image-preview:large","max-video-preview":"max-video-preview:-1"},"canonical":"https:\/\/www.kbs-praha.cz\/de\/impressum\/","og_locale":"de_DE","og_type":"article","og_title":"KBS - Impressum","og_description":"[vc_row row_btt_skin=&#8220;light&#8220; row_background_text_position=&#8220;front&#8220;][vc_column][vc_column_text] Impressum [\/vc_column_text][\/vc_column][\/vc_row][vc_row row_btt_skin=&#8220;light&#8220; row_background_text_position=&#8220;front&#8220;][vc_column][vc_empty_space height=&#8220;60px&#8220;][\/vc_column][\/vc_row][vc_row row_btt_skin=&#8220;light&#8220; row_background_text_position=&#8220;front&#8220;][vc_column width=&#8220;1\/2&#8243;][vc_column_text css=&#8220;&#8220;] Herausgeber KBS in\u017een\u00fdrsk\u00e1 projektov\u00e1 kancel\u00e1\u0159 s.r.o Tepl\u00e1rensk\u00e1 608\/11 108 00 Praha 10 Telefon +420 270 006 777 E-Mail: kbs@kbs-praha.cz \u00a0[\/vc_column_text][\/vc_column][vc_column width=&#8220;1\/2&#8243;][\/vc_column][\/vc_row][vc_row row_btt_skin=&#8220;light&#8220; row_background_text_position=&#8220;front&#8220;][vc_column][vc_empty_space height=&#8220;30px&#8220;][\/vc_column][\/vc_row][vc_row row_btt_skin=&#8220;light&#8220; row_background_text_position=&#8220;front&#8220;][vc_column][vc_column_text css_animation=&#8220;none&#8220; css=&#8220;&#8220;] [&hellip;]","og_url":"https:\/\/www.kbs-praha.cz\/de\/impressum\/","og_site_name":"KBS","article_publisher":"https:\/\/www.facebook.com\/hebergerbau","article_modified_time":"2025-10-16T06:56:33+00:00","twitter_card":"summary_large_image","twitter_misc":{"Gesch\u00e4tzte Lesezeit":"4\u00a0Minuten"},"schema":{"@context":"https:\/\/schema.org","@graph":[{"@type":"WebPage","@id":"https:\/\/www.kbs-praha.cz\/de\/impressum\/","url":"https:\/\/www.kbs-praha.cz\/de\/impressum\/","name":"KBS - Impressum","isPartOf":{"@id":"https:\/\/www.kbs-praha.cz\/de\/#website"},"datePublished":"2023-03-27T05:22:17+00:00","dateModified":"2025-10-16T06:56:33+00:00","breadcrumb":{"@id":"https:\/\/www.kbs-praha.cz\/de\/impressum\/#breadcrumb"},"inLanguage":"de","potentialAction":[{"@type":"ReadAction","target":["https:\/\/www.kbs-praha.cz\/de\/impressum\/"]}]},{"@type":"BreadcrumbList","@id":"https:\/\/www.kbs-praha.cz\/de\/impressum\/#breadcrumb","itemListElement":[{"@type":"ListItem","position":1,"name":"Startseite","item":"https:\/\/www.kbs-praha.cz\/de\/"},{"@type":"ListItem","position":2,"name":"Impressum"}]},{"@type":"WebSite","@id":"https:\/\/www.kbs-praha.cz\/de\/#website","url":"https:\/\/www.kbs-praha.cz\/de\/","name":"KBS","description":"in\u017een\u00fdrsk\u00e1 projektov\u00e1 kancel\u00e1\u0159 s.r.o","publisher":{"@id":"https:\/\/www.kbs-praha.cz\/de\/#organization"},"potentialAction":[{"@type":"SearchAction","target":{"@type":"EntryPoint","urlTemplate":"https:\/\/www.kbs-praha.cz\/de\/?s={search_term_string}"},"query-input":{"@type":"PropertyValueSpecification","valueRequired":true,"valueName":"search_term_string"}}],"inLanguage":"de"},{"@type":"Organization","@id":"https:\/\/www.kbs-praha.cz\/de\/#organization","name":"HEBERGER GRUPPE","url":"https:\/\/www.kbs-praha.cz\/de\/","logo":{"@type":"ImageObject","inLanguage":"de","@id":"https:\/\/www.kbs-praha.cz\/de\/#\/schema\/logo\/image\/","url":"","contentUrl":"","caption":"HEBERGER GRUPPE"},"image":{"@id":"https:\/\/www.kbs-praha.cz\/de\/#\/schema\/logo\/image\/"},"sameAs":["https:\/\/www.facebook.com\/hebergerbau"]}]}},"_links":{"self":[{"href":"https:\/\/www.kbs-praha.cz\/de\/wp-json\/wp\/v2\/pages\/7365","targetHints":{"allow":["GET"]}}],"collection":[{"href":"https:\/\/www.kbs-praha.cz\/de\/wp-json\/wp\/v2\/pages"}],"about":[{"href":"https:\/\/www.kbs-praha.cz\/de\/wp-json\/wp\/v2\/types\/page"}],"author":[{"embeddable":true,"href":"https:\/\/www.kbs-praha.cz\/de\/wp-json\/wp\/v2\/users\/1"}],"replies":[{"embeddable":true,"href":"https:\/\/www.kbs-praha.cz\/de\/wp-json\/wp\/v2\/comments?post=7365"}],"version-history":[{"count":8,"href":"https:\/\/www.kbs-praha.cz\/de\/wp-json\/wp\/v2\/pages\/7365\/revisions"}],"predecessor-version":[{"id":22877,"href":"https:\/\/www.kbs-praha.cz\/de\/wp-json\/wp\/v2\/pages\/7365\/revisions\/22877"}],"wp:attachment":[{"href":"https:\/\/www.kbs-praha.cz\/de\/wp-json\/wp\/v2\/media?parent=7365"}],"curies":[{"name":"wp","href":"https:\/\/api.w.org\/{rel}","templated":true}]}}