{"id":10914,"date":"2024-01-18T08:24:45","date_gmt":"2024-01-18T07:24:45","guid":{"rendered":"https:\/\/www.kbs-praha.cz\/?page_id=10914"},"modified":"2025-11-13T11:57:01","modified_gmt":"2025-11-13T10:57:01","slug":"company","status":"publish","type":"page","link":"https:\/\/www.kbs-praha.cz\/en\/company\/","title":{"rendered":"Company"},"content":{"rendered":"<div class=\"wpb-content-wrapper\"><p>[vc_row full_width=&#8221;stretch_row_content_no_spaces&#8221; row_btt_skin=&#8221;light&#8221; row_background_text_position=&#8221;front&#8221; row_skin=&#8221;dark&#8221; css=&#8221;.vc_custom_1707307705091{background-position: center !important;background-repeat: no-repeat !important;background-size: cover !important;}&#8221; el_class=&#8221;teaser-top&#8221;][vc_column]<div class=\"mkdf-single-image-holder   \">\n    <div class=\"mkdf-si-inner\" >\n                                    <img loading=\"lazy\" decoding=\"async\" width=\"2560\" height=\"538\" src=\"https:\/\/www.kbs-praha.cz\/wp-content\/uploads\/2025\/10\/teaser-tragwerk2-1-scaled.jpg\" class=\"attachment-full size-full\" alt=\"Ingenieure auf der Baustelle\" srcset=\"https:\/\/www.kbs-praha.cz\/wp-content\/uploads\/2025\/10\/teaser-tragwerk2-1-scaled.jpg 2560w, https:\/\/www.kbs-praha.cz\/wp-content\/uploads\/2025\/10\/teaser-tragwerk2-1-300x63.jpg 300w, https:\/\/www.kbs-praha.cz\/wp-content\/uploads\/2025\/10\/teaser-tragwerk2-1-1024x215.jpg 1024w, https:\/\/www.kbs-praha.cz\/wp-content\/uploads\/2025\/10\/teaser-tragwerk2-1-150x32.jpg 150w, https:\/\/www.kbs-praha.cz\/wp-content\/uploads\/2025\/10\/teaser-tragwerk2-1-768x161.jpg 768w, https:\/\/www.kbs-praha.cz\/wp-content\/uploads\/2025\/10\/teaser-tragwerk2-1-1536x323.jpg 1536w\" sizes=\"auto, (max-width: 2560px) 100vw, 2560px\" \/>                        <\/div>\n<\/div>[\/vc_column][\/vc_row][vc_row row_btt_skin=&#8221;light&#8221; row_background_text_position=&#8221;front&#8221; css=&#8221;.vc_custom_1707307732610{margin-top: -20px !important;margin-left: 20px !important;}&#8221;][vc_column offset=&#8221;vc_col-lg-offset-0&#8243; css=&#8221;.vc_custom_1707307799768{margin-top: -20px !important;}&#8221;][vc_raw_html]JTVCYnJlYWRjcnVtYiU1RA==[\/vc_raw_html][vc_empty_space height=&#8221;120px&#8221; el_class=&#8221;.platzhalter-min1024&#8243;][\/vc_column][\/vc_row][vc_row row_content_width=&#8221;grid&#8221; row_btt_skin=&#8221;light&#8221; row_background_text_position=&#8221;front&#8221; el_class=&#8221;teaser-featured&#8221;][vc_column el_class=&#8221;he-teaser-content-onlytxt grau he-teaser-content-imagetxt&#8221;]<div class=\"mkdf-section-title-holder  mkdf-st-standard mkdf-st-title-left mkdf-st-normal-space \" >\n\t<div class=\"mkdf-st-inner\">\n                    <h6 class=\"mkdf-st-intro-title\" style=\"color: #061b3f\">\n                KBS since 2003            <\/h6>\n        \t\t\t\t\t<h4 class=\"mkdf-st-title\" style=\"color: #061b3f\">\n\t\t\t\tA part of a strong family of the HEBERGER Group\t\t\t<\/h4>\n\t\t\t\t\t\t\t<h5 class=\"mkdf-st-text\" style=\"font-size: 20px;font-weight: 400\">\n\t\t\t\tWe work with our customers fairly and in partnership, leveraging synergies within our corporate family. Expertise and quality are our capital for developing long-term customer relationships. Every employee contributes to meeting our customers' expectations through their performance. We can only remain successful if we continually improve.\t\t\t<\/h5>\n\t\t\t<\/div>\n<\/div><div class=\"mkdf-section-title-holder kbsabst mkdf-st-standard mkdf-st-title-left mkdf-st-normal-space \" >\n\t<div class=\"mkdf-st-inner\">\n        \t\t\t\t\t<h4 class=\"mkdf-st-title\" style=\"color: #061b3f\">\n\t\t\t\tParent company\t\t\t<\/h4>\n\t\t\t\t\t<\/div>\n<\/div>[vc_row_inner el_class=&#8221;he3spadresse&#8221;][vc_column_inner width=&#8221;1\/3&#8243;][vc_column_text css=&#8221;&#8221;]<strong>HEBERGER GmbH<\/strong><br \/>\nWaldspitzweg 3<br \/>\n67105 Schifferstadt<br \/>\nDeutschland \/ Germany<br \/>\nTel + 49 62 35 930-0<br \/>\nFax + 49 62 35 930-237<br \/>\n<a href=\"mailto:info@heberger.com\">info@heberger.com<\/a>[\/vc_column_text][\/vc_column_inner][vc_column_inner width=&#8221;1\/3&#8243;][\/vc_column_inner][vc_column_inner width=&#8221;1\/3&#8243;][\/vc_column_inner][\/vc_row_inner]<div class=\"mkdf-section-title-holder kbsabst mkdf-st-standard mkdf-st-title-left mkdf-st-normal-space \" >\n\t<div class=\"mkdf-st-inner\">\n        \t\t\t\t\t<h4 class=\"mkdf-st-title\" style=\"color: #061b3f\">\n\t\t\t\tPartner\t\t\t<\/h4>\n\t\t\t\t\t<\/div>\n<\/div>[vc_row_inner el_class=&#8221;he3spadresse&#8221;][vc_column_inner width=&#8221;1\/4&#8243;][vc_column_text css=&#8221;&#8221; el_class=&#8221;kbslist&#8221;]<strong>HEBERGER CZ s.r.o.<\/strong><\/p>\n<ul>\n<li><span dir=\"auto\"><span dir=\"auto\">Design implementation<\/span><\/span><\/li>\n<li><span dir=\"auto\"><span dir=\"auto\">Building design<\/span><\/span><\/li>\n<li><span dir=\"auto\"><span dir=\"auto\">Construction and design consulting<\/span><\/span><\/li>\n<\/ul>\n<p>Tepl\u00e1rensk\u00e1 608\/11,<br \/>\n108 00 Praha 10 \u2013 Male\u0161ice<br \/>\nTel. + 420 244 000 111<br \/>\nFax + 420 244 000 112<br \/>\n<a href=\"mailto:heberger@heberger.cz\">heberger@heberger.cz<\/a>[\/vc_column_text][\/vc_column_inner][vc_column_inner width=&#8221;1\/4&#8243;][vc_column_text css=&#8221;&#8221; el_class=&#8221;kbslist&#8221;]<strong>CEMEX Male\u0161ice s.r.o.<\/strong><\/p>\n<ul>\n<li><span dir=\"auto\"><span dir=\"auto\">Production of concrete mixes \u2013 Prague<\/span><\/span><\/li>\n<li><span dir=\"auto\"><span dir=\"auto\">Cast concrete mixes<\/span><\/span><\/li>\n<li><span dir=\"auto\"><span dir=\"auto\">Sale of concrete mixes<\/span><\/span><\/li>\n<\/ul>\n<p>Tepl\u00e1rensk\u00e1 608\/11,<br \/>\n108 00 Praha 10 \u2013 Male\u0161ice<br \/>\nTel. + 420 272 704 932<br \/>\nFax + 420 272 704 360<\/p>\n<p>[\/vc_column_text][\/vc_column_inner][vc_column_inner width=&#8221;1\/4&#8243;][vc_column_text css=&#8221;&#8221; el_class=&#8221;kbslist&#8221;]<strong>HELLWEG-Badsysteme GmbH &amp; Co KG<\/strong><\/p>\n<ul>\n<li><span dir=\"auto\"><span dir=\"auto\">Modular prefabricated concrete bathrooms<\/span><\/span><\/li>\n<li><span dir=\"auto\"><span dir=\"auto\">Designing individual bathroom units<\/span><\/span><\/li>\n<li><span dir=\"auto\"><span dir=\"auto\">Complete residential units made of concrete<\/span><\/span><\/li>\n<\/ul>\n<p>Waldspitzweg 3<br \/>\n67105\u00a0Schifferstadt<br \/>\nDeutschland \/ Germany<br \/>\n<a href=\"mailto:info@hellweg-badsysteme.de\">info@hellweg-badsysteme.de<\/a>[\/vc_column_text][\/vc_column_inner][vc_column_inner width=&#8221;1\/4&#8243;][vc_column_text css=&#8221;&#8221; el_class=&#8221;kbslist&#8221;]<strong>PREFA PRAHA a.s.<\/strong><\/p>\n<ul>\n<li><span dir=\"auto\"><span dir=\"auto\">Precast concrete elements in all sizes<\/span><\/span><\/li>\n<li><span dir=\"auto\"><span dir=\"auto\">Spiroll ceiling panels<\/span><\/span><\/li>\n<li><span dir=\"auto\"><span dir=\"auto\">Wall elements<\/span><\/span><\/li>\n<li><span dir=\"auto\"><span dir=\"auto\">Support elements<\/span><\/span><\/li>\n<li><span dir=\"auto\"><span dir=\"auto\">Concrete beams<\/span><\/span><\/li>\n<\/ul>\n<p>Tepl\u00e1rensk\u00e1 608\/11,<br \/>\n108 00 Praha 10 \u2013 Male\u0161ice<br \/>\nTel. + 420 281 031 111<br \/>\n<a href=\"mailto:prefa@prefa-praha.cz\">prefa@prefa-praha.cz<\/a>[\/vc_column_text][\/vc_column_inner][\/vc_row_inner][\/vc_column][\/vc_row]<\/p>\n<\/div>","protected":false},"excerpt":{"rendered":"<p>[vc_row full_width=&#8221;stretch_row_content_no_spaces&#8221; row_btt_skin=&#8221;light&#8221; row_background_text_position=&#8221;front&#8221; row_skin=&#8221;dark&#8221; css=&#8221;.vc_custom_1707307705091{background-position: center !important;background-repeat: no-repeat !important;background-size: cover !important;}&#8221; el_class=&#8221;teaser-top&#8221;][vc_column][\/vc_column][\/vc_row][vc_row row_btt_skin=&#8221;light&#8221; row_background_text_position=&#8221;front&#8221; css=&#8221;.vc_custom_1707307732610{margin-top: -20px !important;margin-left: 20px !important;}&#8221;][vc_column offset=&#8221;vc_col-lg-offset-0&#8243; css=&#8221;.vc_custom_1707307799768{margin-top: -20px !important;}&#8221;][vc_raw_html]JTVCYnJlYWRjcnVtYiU1RA==[\/vc_raw_html][vc_empty_space height=&#8221;120px&#8221; el_class=&#8221;.platzhalter-min1024&#8243;][\/vc_column][\/vc_row][vc_row row_content_width=&#8221;grid&#8221; row_btt_skin=&#8221;light&#8221; row_background_text_position=&#8221;front&#8221; el_class=&#8221;teaser-featured&#8221;][vc_column el_class=&#8221;he-teaser-content-onlytxt grau he-teaser-content-imagetxt&#8221;][vc_row_inner el_class=&#8221;he3spadresse&#8221;][vc_column_inner width=&#8221;1\/3&#8243;][vc_column_text css=&#8221;&#8221;]HEBERGER GmbH Waldspitzweg 3 67105 [&hellip;]<\/p>\n","protected":false},"author":1,"featured_media":0,"parent":0,"menu_order":0,"comment_status":"closed","ping_status":"closed","template":"","meta":{"footnotes":""},"class_list":["post-10914","page","type-page","status-publish","hentry"],"yoast_head":"<!-- This site is optimized with the Yoast SEO plugin v26.6 - https:\/\/yoast.com\/wordpress\/plugins\/seo\/ -->\n<title>HEBERGER - Company<\/title>\n<meta name=\"description\" content=\"Bei der HEBERGER Gruppe steht der Kunde f\u00fcr uns immer an erster Stelle. Viele unserer Partnerschaften bestehen bereits seit Jahren, manchmal handelt es sich um den ersten Kontakt. In jedem Fall setzen wir uns mit voller Energie f\u00fcr die Interessen unserer Kunden ein. Dabei geht es uns um mehr als nur die Umsetzung von Pl\u00e4nen: Wir h\u00f6ren aufmerksam zu, entwickeln ein tiefes Verst\u00e4ndnis f\u00fcr die Bed\u00fcrfnisse unserer Kunden, planen gemeinsam die Vorgehensweise und schaffen Transparenz in allen Prozessen. Unser oberstes Ziel ist stets die Kundenzufriedenheit.\" \/>\n<meta name=\"robots\" content=\"index, follow, max-snippet:-1, max-image-preview:large, max-video-preview:-1\" \/>\n<link rel=\"canonical\" href=\"https:\/\/www.kbs-praha.cz\/en\/company\/\" \/>\n<meta property=\"og:locale\" content=\"en_US\" \/>\n<meta property=\"og:type\" content=\"article\" \/>\n<meta property=\"og:title\" content=\"HEBERGER - Company\" \/>\n<meta property=\"og:description\" content=\"Bei der HEBERGER Gruppe steht der Kunde f\u00fcr uns immer an erster Stelle. Viele unserer Partnerschaften bestehen bereits seit Jahren, manchmal handelt es sich um den ersten Kontakt. In jedem Fall setzen wir uns mit voller Energie f\u00fcr die Interessen unserer Kunden ein. Dabei geht es uns um mehr als nur die Umsetzung von Pl\u00e4nen: Wir h\u00f6ren aufmerksam zu, entwickeln ein tiefes Verst\u00e4ndnis f\u00fcr die Bed\u00fcrfnisse unserer Kunden, planen gemeinsam die Vorgehensweise und schaffen Transparenz in allen Prozessen. Unser oberstes Ziel ist stets die Kundenzufriedenheit.\" \/>\n<meta property=\"og:url\" content=\"https:\/\/www.kbs-praha.cz\/en\/company\/\" \/>\n<meta property=\"og:site_name\" content=\"HEBERGER\" \/>\n<meta property=\"article:publisher\" content=\"https:\/\/www.facebook.com\/hebergerbau\" \/>\n<meta property=\"article:modified_time\" content=\"2025-11-13T10:57:01+00:00\" \/>\n<meta name=\"twitter:card\" content=\"summary_large_image\" \/>\n<meta name=\"twitter:label1\" content=\"Est. reading time\" \/>\n\t<meta name=\"twitter:data1\" content=\"2 minutes\" \/>\n<script type=\"application\/ld+json\" class=\"yoast-schema-graph\">{\"@context\":\"https:\/\/schema.org\",\"@graph\":[{\"@type\":\"WebPage\",\"@id\":\"https:\/\/www.kbs-praha.cz\/en\/company\/\",\"url\":\"https:\/\/www.kbs-praha.cz\/en\/company\/\",\"name\":\"HEBERGER - Company\",\"isPartOf\":{\"@id\":\"https:\/\/www.kbs-praha.cz\/en\/#website\"},\"datePublished\":\"2024-01-18T07:24:45+00:00\",\"dateModified\":\"2025-11-13T10:57:01+00:00\",\"description\":\"Bei der HEBERGER Gruppe steht der Kunde f\u00fcr uns immer an erster Stelle. Viele unserer Partnerschaften bestehen bereits seit Jahren, manchmal handelt es sich um den ersten Kontakt. In jedem Fall setzen wir uns mit voller Energie f\u00fcr die Interessen unserer Kunden ein. Dabei geht es uns um mehr als nur die Umsetzung von Pl\u00e4nen: Wir h\u00f6ren aufmerksam zu, entwickeln ein tiefes Verst\u00e4ndnis f\u00fcr die Bed\u00fcrfnisse unserer Kunden, planen gemeinsam die Vorgehensweise und schaffen Transparenz in allen Prozessen. Unser oberstes Ziel ist stets die Kundenzufriedenheit.\",\"breadcrumb\":{\"@id\":\"https:\/\/www.kbs-praha.cz\/en\/company\/#breadcrumb\"},\"inLanguage\":\"en-US\",\"potentialAction\":[{\"@type\":\"ReadAction\",\"target\":[\"https:\/\/www.kbs-praha.cz\/en\/company\/\"]}]},{\"@type\":\"BreadcrumbList\",\"@id\":\"https:\/\/www.kbs-praha.cz\/en\/company\/#breadcrumb\",\"itemListElement\":[{\"@type\":\"ListItem\",\"position\":1,\"name\":\"Startseite\",\"item\":\"https:\/\/www.kbs-praha.cz\/en\/\"},{\"@type\":\"ListItem\",\"position\":2,\"name\":\"Company\"}]},{\"@type\":\"WebSite\",\"@id\":\"https:\/\/www.kbs-praha.cz\/en\/#website\",\"url\":\"https:\/\/www.kbs-praha.cz\/en\/\",\"name\":\"HEBERGER\",\"description\":\"Planning - Consulting - Building\",\"publisher\":{\"@id\":\"https:\/\/www.kbs-praha.cz\/en\/#organization\"},\"potentialAction\":[{\"@type\":\"SearchAction\",\"target\":{\"@type\":\"EntryPoint\",\"urlTemplate\":\"https:\/\/www.kbs-praha.cz\/en\/?s={search_term_string}\"},\"query-input\":{\"@type\":\"PropertyValueSpecification\",\"valueRequired\":true,\"valueName\":\"search_term_string\"}}],\"inLanguage\":\"en-US\"},{\"@type\":\"Organization\",\"@id\":\"https:\/\/www.kbs-praha.cz\/en\/#organization\",\"name\":\"HEBERGER GRUPPE\",\"url\":\"https:\/\/www.kbs-praha.cz\/en\/\",\"logo\":{\"@type\":\"ImageObject\",\"inLanguage\":\"en-US\",\"@id\":\"https:\/\/www.kbs-praha.cz\/en\/#\/schema\/logo\/image\/\",\"url\":\"\",\"contentUrl\":\"\",\"caption\":\"HEBERGER GRUPPE\"},\"image\":{\"@id\":\"https:\/\/www.kbs-praha.cz\/en\/#\/schema\/logo\/image\/\"},\"sameAs\":[\"https:\/\/www.facebook.com\/hebergerbau\"]}]}<\/script>\n<!-- \/ Yoast SEO plugin. -->","yoast_head_json":{"title":"HEBERGER - Company","description":"Bei der HEBERGER Gruppe steht der Kunde f\u00fcr uns immer an erster Stelle. Viele unserer Partnerschaften bestehen bereits seit Jahren, manchmal handelt es sich um den ersten Kontakt. In jedem Fall setzen wir uns mit voller Energie f\u00fcr die Interessen unserer Kunden ein. Dabei geht es uns um mehr als nur die Umsetzung von Pl\u00e4nen: Wir h\u00f6ren aufmerksam zu, entwickeln ein tiefes Verst\u00e4ndnis f\u00fcr die Bed\u00fcrfnisse unserer Kunden, planen gemeinsam die Vorgehensweise und schaffen Transparenz in allen Prozessen. Unser oberstes Ziel ist stets die Kundenzufriedenheit.","robots":{"index":"index","follow":"follow","max-snippet":"max-snippet:-1","max-image-preview":"max-image-preview:large","max-video-preview":"max-video-preview:-1"},"canonical":"https:\/\/www.kbs-praha.cz\/en\/company\/","og_locale":"en_US","og_type":"article","og_title":"HEBERGER - Company","og_description":"Bei der HEBERGER Gruppe steht der Kunde f\u00fcr uns immer an erster Stelle. Viele unserer Partnerschaften bestehen bereits seit Jahren, manchmal handelt es sich um den ersten Kontakt. In jedem Fall setzen wir uns mit voller Energie f\u00fcr die Interessen unserer Kunden ein. Dabei geht es uns um mehr als nur die Umsetzung von Pl\u00e4nen: Wir h\u00f6ren aufmerksam zu, entwickeln ein tiefes Verst\u00e4ndnis f\u00fcr die Bed\u00fcrfnisse unserer Kunden, planen gemeinsam die Vorgehensweise und schaffen Transparenz in allen Prozessen. Unser oberstes Ziel ist stets die Kundenzufriedenheit.","og_url":"https:\/\/www.kbs-praha.cz\/en\/company\/","og_site_name":"HEBERGER","article_publisher":"https:\/\/www.facebook.com\/hebergerbau","article_modified_time":"2025-11-13T10:57:01+00:00","twitter_card":"summary_large_image","twitter_misc":{"Est. reading time":"2 minutes"},"schema":{"@context":"https:\/\/schema.org","@graph":[{"@type":"WebPage","@id":"https:\/\/www.kbs-praha.cz\/en\/company\/","url":"https:\/\/www.kbs-praha.cz\/en\/company\/","name":"HEBERGER - Company","isPartOf":{"@id":"https:\/\/www.kbs-praha.cz\/en\/#website"},"datePublished":"2024-01-18T07:24:45+00:00","dateModified":"2025-11-13T10:57:01+00:00","description":"Bei der HEBERGER Gruppe steht der Kunde f\u00fcr uns immer an erster Stelle. Viele unserer Partnerschaften bestehen bereits seit Jahren, manchmal handelt es sich um den ersten Kontakt. In jedem Fall setzen wir uns mit voller Energie f\u00fcr die Interessen unserer Kunden ein. Dabei geht es uns um mehr als nur die Umsetzung von Pl\u00e4nen: Wir h\u00f6ren aufmerksam zu, entwickeln ein tiefes Verst\u00e4ndnis f\u00fcr die Bed\u00fcrfnisse unserer Kunden, planen gemeinsam die Vorgehensweise und schaffen Transparenz in allen Prozessen. Unser oberstes Ziel ist stets die Kundenzufriedenheit.","breadcrumb":{"@id":"https:\/\/www.kbs-praha.cz\/en\/company\/#breadcrumb"},"inLanguage":"en-US","potentialAction":[{"@type":"ReadAction","target":["https:\/\/www.kbs-praha.cz\/en\/company\/"]}]},{"@type":"BreadcrumbList","@id":"https:\/\/www.kbs-praha.cz\/en\/company\/#breadcrumb","itemListElement":[{"@type":"ListItem","position":1,"name":"Startseite","item":"https:\/\/www.kbs-praha.cz\/en\/"},{"@type":"ListItem","position":2,"name":"Company"}]},{"@type":"WebSite","@id":"https:\/\/www.kbs-praha.cz\/en\/#website","url":"https:\/\/www.kbs-praha.cz\/en\/","name":"HEBERGER","description":"Planning - Consulting - Building","publisher":{"@id":"https:\/\/www.kbs-praha.cz\/en\/#organization"},"potentialAction":[{"@type":"SearchAction","target":{"@type":"EntryPoint","urlTemplate":"https:\/\/www.kbs-praha.cz\/en\/?s={search_term_string}"},"query-input":{"@type":"PropertyValueSpecification","valueRequired":true,"valueName":"search_term_string"}}],"inLanguage":"en-US"},{"@type":"Organization","@id":"https:\/\/www.kbs-praha.cz\/en\/#organization","name":"HEBERGER GRUPPE","url":"https:\/\/www.kbs-praha.cz\/en\/","logo":{"@type":"ImageObject","inLanguage":"en-US","@id":"https:\/\/www.kbs-praha.cz\/en\/#\/schema\/logo\/image\/","url":"","contentUrl":"","caption":"HEBERGER GRUPPE"},"image":{"@id":"https:\/\/www.kbs-praha.cz\/en\/#\/schema\/logo\/image\/"},"sameAs":["https:\/\/www.facebook.com\/hebergerbau"]}]}},"_links":{"self":[{"href":"https:\/\/www.kbs-praha.cz\/en\/wp-json\/wp\/v2\/pages\/10914","targetHints":{"allow":["GET"]}}],"collection":[{"href":"https:\/\/www.kbs-praha.cz\/en\/wp-json\/wp\/v2\/pages"}],"about":[{"href":"https:\/\/www.kbs-praha.cz\/en\/wp-json\/wp\/v2\/types\/page"}],"author":[{"embeddable":true,"href":"https:\/\/www.kbs-praha.cz\/en\/wp-json\/wp\/v2\/users\/1"}],"replies":[{"embeddable":true,"href":"https:\/\/www.kbs-praha.cz\/en\/wp-json\/wp\/v2\/comments?post=10914"}],"version-history":[{"count":11,"href":"https:\/\/www.kbs-praha.cz\/en\/wp-json\/wp\/v2\/pages\/10914\/revisions"}],"predecessor-version":[{"id":23013,"href":"https:\/\/www.kbs-praha.cz\/en\/wp-json\/wp\/v2\/pages\/10914\/revisions\/23013"}],"wp:attachment":[{"href":"https:\/\/www.kbs-praha.cz\/en\/wp-json\/wp\/v2\/media?parent=10914"}],"curies":[{"name":"wp","href":"https:\/\/api.w.org\/{rel}","templated":true}]}}