{"id":23204,"date":"2025-12-18T07:07:01","date_gmt":"2025-12-18T06:07:01","guid":{"rendered":"https:\/\/www.kbs-praha.cz\/?page_id=23204"},"modified":"2025-12-18T13:44:54","modified_gmt":"2025-12-18T12:44:54","slug":"career","status":"publish","type":"page","link":"https:\/\/www.kbs-praha.cz\/en\/career\/","title":{"rendered":"Career"},"content":{"rendered":"<div class=\"wpb-content-wrapper\"><p>[vc_row full_width=&#8221;stretch_row_content_no_spaces&#8221; row_btt_skin=&#8221;light&#8221; row_background_text_position=&#8221;front&#8221; row_skin=&#8221;dark&#8221; css=&#8221;.vc_custom_1707307705091{background-position: center !important;background-repeat: no-repeat !important;background-size: cover !important;}&#8221; el_class=&#8221;teaser-top&#8221;][vc_column]<div class=\"mkdf-single-image-holder   \">\n    <div class=\"mkdf-si-inner\" >\n                                    <img loading=\"lazy\" decoding=\"async\" width=\"2314\" height=\"545\" src=\"https:\/\/www.kbs-praha.cz\/wp-content\/uploads\/2025\/12\/teaser-karriere.jpg\" class=\"attachment-full size-full\" alt=\"Pl\u00e4ne\" srcset=\"https:\/\/www.kbs-praha.cz\/wp-content\/uploads\/2025\/12\/teaser-karriere.jpg 2314w, https:\/\/www.kbs-praha.cz\/wp-content\/uploads\/2025\/12\/teaser-karriere-300x71.jpg 300w, https:\/\/www.kbs-praha.cz\/wp-content\/uploads\/2025\/12\/teaser-karriere-1024x241.jpg 1024w, https:\/\/www.kbs-praha.cz\/wp-content\/uploads\/2025\/12\/teaser-karriere-150x35.jpg 150w, https:\/\/www.kbs-praha.cz\/wp-content\/uploads\/2025\/12\/teaser-karriere-768x181.jpg 768w, https:\/\/www.kbs-praha.cz\/wp-content\/uploads\/2025\/12\/teaser-karriere-1536x362.jpg 1536w\" sizes=\"auto, (max-width: 2314px) 100vw, 2314px\" \/>                        <\/div>\n<\/div>[\/vc_column][\/vc_row][vc_row row_content_width=&#8221;grid&#8221; row_btt_skin=&#8221;light&#8221; row_background_text_position=&#8221;front&#8221;][vc_column offset=&#8221;vc_col-lg-offset-0&#8243;][vc_empty_space height=&#8221;20px&#8221;][vc_raw_html]JTVCYnJlYWRjcnVtYiU1RA==[\/vc_raw_html][vc_empty_space][\/vc_column][\/vc_row][vc_row row_content_width=&#8221;grid&#8221; row_btt_skin=&#8221;light&#8221; row_background_text_position=&#8221;front&#8221;][vc_column]<div class=\"mkdf-section-title-holder  mkdf-st-standard mkdf-st-title-left mkdf-st-normal-space \" style=\"text-align: left\">\n\t<div class=\"mkdf-st-inner\">\n                    <h6 class=\"mkdf-st-intro-title\" >\n                Career            <\/h6>\n        \t\t\t\t\t<h1 class=\"mkdf-st-title\" >\n\t\t\t\tWorking at KBS\t\t\t<\/h1>\n\t\t\t\t\t\t\t<p class=\"mkdf-st-text\" >\n\t\t\t\tKBS \u2013 in\u017een\u00fdrsk\u00e1 projektov\u00e1 kancel\u00e1\u0159 s.r.o. is a subsidiary of the HEBERGER Group based in Prague. Since 2003, we have specialized in structural design, static calculations, technical studies, expert reports, and construction supervision. Our team of experienced engineers supports demanding projects from planning through to implementation, developing tailored solutions for complex construction ventures.\t\t\t<\/p>\n\t\t\t<\/div>\n<\/div>[\/vc_column][\/vc_row][vc_row row_content_width=&#8221;grid&#8221; row_btt_skin=&#8221;light&#8221; row_background_text_position=&#8221;front&#8221; content_width=&#8221;grid&#8221; css=&#8221;.vc_custom_1709033527443{margin-top: -100px !important;}&#8221;][vc_column offset=&#8221;vc_col-lg-offset-0 vc_col-md-offset-0 vc_col-sm-offset-0&#8243; css=&#8221;.vc_custom_1765975368657{margin-top: 100px !important;}&#8221;]<div class=\"mkdf-section-title-holder  mkdf-st-standard mkdf-st-title-left mkdf-st-normal-space \" >\n\t<div class=\"mkdf-st-inner\">\n        \t\t\t\t\t<h2 class=\"mkdf-st-title\" style=\"color: #061B3F\">\n\t\t\t\tStructural Engineer \u2013 Structural Analysis &amp; Design (m\/f\/d)\t\t\t<\/h2>\n\t\t\t\t\t<\/div>\n<\/div>[vc_separator color=&#8221;custom&#8221; border_width=&#8221;3&#8243; css=&#8221;.vc_custom_1715691913932{margin-top: 20px !important;margin-bottom: 30px !important;}&#8221; accent_color=&#8221;#061b3f&#8221;][vc_empty_space][\/vc_column][\/vc_row][vc_row row_content_width=&#8221;grid&#8221; row_btt_skin=&#8221;light&#8221; row_background_text_position=&#8221;front&#8221; content_width=&#8221;grid&#8221; css=&#8221;.vc_custom_1709033527443{margin-top: -100px !important;}&#8221;][vc_column offset=&#8221;vc_col-lg-offset-0 vc_col-md-offset-0 vc_col-sm-offset-0&#8243;]<div class=\"mkdf-section-title-holder  mkdf-st-standard mkdf-st-title-left mkdf-st-normal-space \" >\n\t<div class=\"mkdf-st-inner\">\n        \t\t\t\t\t<h3 class=\"mkdf-st-title\" style=\"color: #061B3F\">\n\t\t\t\tYour Responsibilities\t\t\t<\/h3>\n\t\t\t\t\t<\/div>\n<\/div>[vc_empty_space][vc_row_inner el_class=&#8221;teaser-featured&#8221;][vc_column_inner el_class=&#8221;he-teaser-content-onlytxt blau he-teaser-content-imagetxt&#8221; width=&#8221;1\/2&#8243;]<div class=\"mkdf-single-image-holder   \">\n    <div class=\"mkdf-si-inner\" >\n                                    <img loading=\"lazy\" decoding=\"async\" width=\"2560\" height=\"1707\" src=\"https:\/\/www.kbs-praha.cz\/wp-content\/uploads\/2025\/12\/7RV00658-scaled.jpg\" class=\"attachment-full size-full\" alt=\"\" srcset=\"https:\/\/www.kbs-praha.cz\/wp-content\/uploads\/2025\/12\/7RV00658-scaled.jpg 2560w, https:\/\/www.kbs-praha.cz\/wp-content\/uploads\/2025\/12\/7RV00658-300x200.jpg 300w, https:\/\/www.kbs-praha.cz\/wp-content\/uploads\/2025\/12\/7RV00658-1024x683.jpg 1024w, https:\/\/www.kbs-praha.cz\/wp-content\/uploads\/2025\/12\/7RV00658-150x100.jpg 150w, https:\/\/www.kbs-praha.cz\/wp-content\/uploads\/2025\/12\/7RV00658-768x512.jpg 768w, https:\/\/www.kbs-praha.cz\/wp-content\/uploads\/2025\/12\/7RV00658-1536x1024.jpg 1536w\" sizes=\"auto, (max-width: 2560px) 100vw, 2560px\" \/>                        <\/div>\n<\/div><div class=\"mkdf-section-title-holder  mkdf-st-standard mkdf-st-title-left mkdf-st-normal-space \" >\n\t<div class=\"mkdf-st-inner\">\n        \t\t\t\t\t<h4 class=\"mkdf-st-title\" style=\"color: #ffffff\">\n\t\t\t\tPlanning Support \/ Management of our construction projects:\t\t\t<\/h4>\n\t\t\t\t\t\t\t<h5 class=\"mkdf-st-text\" style=\"color: #ffffff;font-size: 18px;line-height: 26px;font-weight: 400;margin-top: 20px\">\n\t\t\t\tTogether with your colleagues (m\/f\/d) from the Technical Office, you will design our precast concrete structures \u2013 from preliminary dimensioning during the calculation phase, through preparing verifiable structural calculations, to planning both precast and in-situ concrete elements. In doing so, you will continuously optimize our structural precast solutions.\t\t\t<\/h5>\n\t\t\t<\/div>\n<\/div>[\/vc_column_inner][vc_column_inner el_class=&#8221;he-teaser-content-onlytxt blau he-teaser-content-imagetxt&#8221; width=&#8221;1\/2&#8243;]<div class=\"mkdf-single-image-holder   \">\n    <div class=\"mkdf-si-inner\" >\n                                    <img loading=\"lazy\" decoding=\"async\" width=\"2048\" height=\"1365\" src=\"https:\/\/www.kbs-praha.cz\/wp-content\/uploads\/2025\/12\/7RV00390.jpg\" class=\"attachment-full size-full\" alt=\"\" srcset=\"https:\/\/www.kbs-praha.cz\/wp-content\/uploads\/2025\/12\/7RV00390.jpg 2048w, https:\/\/www.kbs-praha.cz\/wp-content\/uploads\/2025\/12\/7RV00390-300x200.jpg 300w, https:\/\/www.kbs-praha.cz\/wp-content\/uploads\/2025\/12\/7RV00390-1024x683.jpg 1024w, https:\/\/www.kbs-praha.cz\/wp-content\/uploads\/2025\/12\/7RV00390-150x100.jpg 150w, https:\/\/www.kbs-praha.cz\/wp-content\/uploads\/2025\/12\/7RV00390-768x512.jpg 768w, https:\/\/www.kbs-praha.cz\/wp-content\/uploads\/2025\/12\/7RV00390-1536x1024.jpg 1536w\" sizes=\"auto, (max-width: 2048px) 100vw, 2048px\" \/>                        <\/div>\n<\/div><div class=\"mkdf-section-title-holder  mkdf-st-standard mkdf-st-title-left mkdf-st-normal-space \" >\n\t<div class=\"mkdf-st-inner\">\n        \t\t\t\t\t<h4 class=\"mkdf-st-title\" style=\"color: #ffffff\">\n\t\t\t\tCompetent contact person:\t\t\t<\/h4>\n\t\t\t\t\t\t\t<h5 class=\"mkdf-st-text\" style=\"color: #ffffff;font-size: 18px;line-height: 26px;font-weight: 400;margin-top: 20px\">\n\t\t\t\tYou will regularly communicate with other project stakeholders (e.g. clients, site management, plant production) to coordinate the details of your planning. In addition, you will manage and coordinate our internal and external designers (m\/f\/d).\t\t\t<\/h5>\n\t\t\t<\/div>\n<\/div>[\/vc_column_inner][\/vc_row_inner][vc_empty_space height=&#8221;64px&#8221;][\/vc_column][\/vc_row][vc_row row_content_width=&#8221;grid&#8221; row_btt_skin=&#8221;light&#8221; row_background_text_position=&#8221;front&#8221; content_width=&#8221;grid&#8221;][vc_column offset=&#8221;vc_col-lg-offset-0 vc_col-md-offset-0 vc_col-sm-offset-0&#8243;]<div class=\"mkdf-section-title-holder  mkdf-st-standard mkdf-st-title-left mkdf-st-normal-space \" >\n\t<div class=\"mkdf-st-inner\">\n        \t\t\t\t\t<h3 class=\"mkdf-st-title\" >\n\t\t\t\tYour Profile\t\t\t<\/h3>\n\t\t\t\t\t<\/div>\n<\/div>[vc_separator color=&#8221;custom&#8221; border_width=&#8221;3&#8243; css=&#8221;.vc_custom_1715691913932{margin-top: 20px !important;margin-bottom: 30px !important;}&#8221; accent_color=&#8221;#061b3f&#8221;][vc_column_text css=&#8221;&#8221;]<\/p>\n<div class=\"wpb_text_column wpb_content_element \">\n<div class=\"wpb_wrapper\">\n<ul>\n<li>Completed degree (Master\u2019s or Diploma) in Civil Engineering with a focus on structural engineering<\/li>\n<li>Experience in project planning and management is desirable<\/li>\n<li>Confident handling of German building and regulatory standards as well as structural analysis and CAD software<\/li>\n<li>Structured working style, strong team spirit, and excellent communication skills<\/li>\n<\/ul>\n<\/div>\n<\/div>\n<p>[\/vc_column_text][vc_empty_space height=&#8221;120px&#8221;][\/vc_column][\/vc_row][vc_row full_width=&#8221;stretch_row&#8221; row_btt_skin=&#8221;light&#8221; row_background_text_position=&#8221;front&#8221; el_class=&#8221;he-accordion-featured mkdf-accordion-title white&#8221; css=&#8221;.vc_custom_1766039757889{padding-top: 64px !important;padding-bottom: 64px !important;background-color: #061b3f !important;}&#8221;][vc_column offset=&#8221;vc_col-lg-offset-0 vc_col-md-offset-0 vc_col-sm-offset-0&#8243; el_class=&#8221;he-accordion .accordion-3spaltig&#8221;]<div class=\"mkdf-section-title-holder  mkdf-st-standard mkdf-st-title-left mkdf-st-normal-space \" >\n\t<div class=\"mkdf-st-inner\">\n        \t\t\t\t\t<h3 class=\"mkdf-st-title\" style=\"color: #FFFFFF\">\n\t\t\t\tWe offer you\t\t\t<\/h3>\n\t\t\t\t\t<\/div>\n<\/div>[vc_separator color=&#8221;custom&#8221; border_width=&#8221;3&#8243; css=&#8221;.vc_custom_1765975820221{margin-top: 20px !important;margin-bottom: 30px !important;}&#8221; accent_color=&#8221;#FFFFFF&#8221;][vc_column_text css=&#8221;&#8221;]<\/p>\n<div class=\"wpb_text_column wpb_content_element \">\n<div class=\"wpb_wrapper\">\n<ul>\n<li>Exciting and challenging projects within a regionally rooted company with strong growth potential<\/li>\n<li>A modern, digital working environment and a pleasant atmosphere in a competent and committed team<\/li>\n<li>Individual onboarding and training<\/li>\n<li>Flexible working hours<\/li>\n<li>Various social and sports events for networking and team building<\/li>\n<li>Targeted professional development opportunities, e.g. towards Technical Project Management<\/li>\n<li>Individual health promotion measures, such as discounted gym membership or company bike program<\/li>\n<li>Performance-based remuneration in line with collective agreements, plus company social benefits<\/li>\n<\/ul>\n<\/div>\n<\/div>\n<p>[\/vc_column_text][vc_empty_space height=&#8221;64px&#8221;][\/vc_column][\/vc_row][vc_row row_content_width=&#8221;grid&#8221; row_btt_skin=&#8221;light&#8221; row_background_text_position=&#8221;front&#8221; content_width=&#8221;grid&#8221; css=&#8221;.vc_custom_1709033705135{margin-top: 60px !important;}&#8221;][vc_column offset=&#8221;vc_col-lg-offset-0 vc_col-md-offset-0 vc_col-sm-offset-0&#8243; css=&#8221;.vc_custom_1765980365998{margin-top: 50px !important;}&#8221;]<div class=\"mkdf-section-title-holder  mkdf-st-standard mkdf-st-title-left mkdf-st-normal-space \" >\n\t<div class=\"mkdf-st-inner\">\n        \t\t\t\t\t<h3 class=\"mkdf-st-title\" >\n\t\t\t\tWould you like to become part of our team?\t\t\t<\/h3>\n\t\t\t\t\t\t\t<h5 class=\"mkdf-st-text\" >\n\t\t\t\tApply now!\t\t\t<\/h5>\n\t\t\t<\/div>\n<\/div>[vc_separator color=&#8221;custom&#8221; border_width=&#8221;3&#8243; css=&#8221;.vc_custom_1715691913932{margin-top: 20px !important;margin-bottom: 30px !important;}&#8221; accent_color=&#8221;#061b3f&#8221;][vc_column_text css=&#8221;&#8221;]<span style=\"color: #061b3f;\">Ing. Ji\u0159\u00ed \u010c\u00ed\u017eek +420 602 276 605<\/span><br \/>\n<span style=\"color: #061b3f;\">Ing. Filip Kl\u00edma +420 724 643 924<\/span><\/p>\n<p><span style=\"color: #061b3f;\">kbs@kbs-praha.cz<\/span>[\/vc_column_text][vc_empty_space height=&#8221;100px&#8221;][\/vc_column][\/vc_row]<\/p>\n<\/div>","protected":false},"excerpt":{"rendered":"<p>[vc_row full_width=&#8221;stretch_row_content_no_spaces&#8221; row_btt_skin=&#8221;light&#8221; row_background_text_position=&#8221;front&#8221; row_skin=&#8221;dark&#8221; css=&#8221;.vc_custom_1707307705091{background-position: center !important;background-repeat: no-repeat !important;background-size: cover !important;}&#8221; el_class=&#8221;teaser-top&#8221;][vc_column][\/vc_column][\/vc_row][vc_row row_content_width=&#8221;grid&#8221; row_btt_skin=&#8221;light&#8221; row_background_text_position=&#8221;front&#8221;][vc_column offset=&#8221;vc_col-lg-offset-0&#8243;][vc_empty_space height=&#8221;20px&#8221;][vc_raw_html]JTVCYnJlYWRjcnVtYiU1RA==[\/vc_raw_html][vc_empty_space][\/vc_column][\/vc_row][vc_row row_content_width=&#8221;grid&#8221; row_btt_skin=&#8221;light&#8221; row_background_text_position=&#8221;front&#8221;][vc_column][\/vc_column][\/vc_row][vc_row row_content_width=&#8221;grid&#8221; row_btt_skin=&#8221;light&#8221; row_background_text_position=&#8221;front&#8221; content_width=&#8221;grid&#8221; css=&#8221;.vc_custom_1709033527443{margin-top: -100px !important;}&#8221;][vc_column offset=&#8221;vc_col-lg-offset-0 vc_col-md-offset-0 vc_col-sm-offset-0&#8243; css=&#8221;.vc_custom_1765975368657{margin-top: 100px !important;}&#8221;][vc_separator color=&#8221;custom&#8221; border_width=&#8221;3&#8243; css=&#8221;.vc_custom_1715691913932{margin-top: 20px !important;margin-bottom: 30px [&hellip;]<\/p>\n","protected":false},"author":2,"featured_media":0,"parent":0,"menu_order":0,"comment_status":"closed","ping_status":"closed","template":"","meta":{"footnotes":""},"class_list":["post-23204","page","type-page","status-publish","hentry"],"yoast_head":"<!-- This site is optimized with the Yoast SEO plugin v26.6 - https:\/\/yoast.com\/wordpress\/plugins\/seo\/ -->\n<title>HEBERGER - Career<\/title>\n<meta name=\"description\" content=\"KBS \u2013 in\u017een\u00fdrsk\u00e1 projektov\u00e1 kancel\u00e1\u0159 s.r.o. is a subsidiary of the HEBERGER Group based in Prague. Since 2003, we have specialized in structural design, static calculations, technical studies, expert reports, and construction supervision. Our team of experienced engineers supports demanding projects from planning through to implementation, developing tailored solutions for complex construction ventures.\" \/>\n<meta name=\"robots\" content=\"index, follow, max-snippet:-1, max-image-preview:large, max-video-preview:-1\" \/>\n<link rel=\"canonical\" href=\"https:\/\/www.kbs-praha.cz\/en\/career\/\" \/>\n<meta property=\"og:locale\" content=\"en_US\" \/>\n<meta property=\"og:type\" content=\"article\" \/>\n<meta property=\"og:title\" content=\"HEBERGER - Career\" \/>\n<meta property=\"og:description\" content=\"KBS \u2013 in\u017een\u00fdrsk\u00e1 projektov\u00e1 kancel\u00e1\u0159 s.r.o. is a subsidiary of the HEBERGER Group based in Prague. Since 2003, we have specialized in structural design, static calculations, technical studies, expert reports, and construction supervision. Our team of experienced engineers supports demanding projects from planning through to implementation, developing tailored solutions for complex construction ventures.\" \/>\n<meta property=\"og:url\" content=\"https:\/\/www.kbs-praha.cz\/en\/career\/\" \/>\n<meta property=\"og:site_name\" content=\"HEBERGER\" \/>\n<meta property=\"article:publisher\" content=\"https:\/\/www.facebook.com\/hebergerbau\" \/>\n<meta property=\"article:modified_time\" content=\"2025-12-18T12:44:54+00:00\" \/>\n<meta name=\"twitter:card\" content=\"summary_large_image\" \/>\n<meta name=\"twitter:label1\" content=\"Est. reading time\" \/>\n\t<meta name=\"twitter:data1\" content=\"3 minutes\" \/>\n<script type=\"application\/ld+json\" class=\"yoast-schema-graph\">{\"@context\":\"https:\/\/schema.org\",\"@graph\":[{\"@type\":\"WebPage\",\"@id\":\"https:\/\/www.kbs-praha.cz\/en\/career\/\",\"url\":\"https:\/\/www.kbs-praha.cz\/en\/career\/\",\"name\":\"HEBERGER - Career\",\"isPartOf\":{\"@id\":\"https:\/\/www.kbs-praha.cz\/en\/#website\"},\"datePublished\":\"2025-12-18T06:07:01+00:00\",\"dateModified\":\"2025-12-18T12:44:54+00:00\",\"description\":\"KBS \u2013 in\u017een\u00fdrsk\u00e1 projektov\u00e1 kancel\u00e1\u0159 s.r.o. is a subsidiary of the HEBERGER Group based in Prague. Since 2003, we have specialized in structural design, static calculations, technical studies, expert reports, and construction supervision. Our team of experienced engineers supports demanding projects from planning through to implementation, developing tailored solutions for complex construction ventures.\",\"breadcrumb\":{\"@id\":\"https:\/\/www.kbs-praha.cz\/en\/career\/#breadcrumb\"},\"inLanguage\":\"en-US\",\"potentialAction\":[{\"@type\":\"ReadAction\",\"target\":[\"https:\/\/www.kbs-praha.cz\/en\/career\/\"]}]},{\"@type\":\"BreadcrumbList\",\"@id\":\"https:\/\/www.kbs-praha.cz\/en\/career\/#breadcrumb\",\"itemListElement\":[{\"@type\":\"ListItem\",\"position\":1,\"name\":\"Startseite\",\"item\":\"https:\/\/www.kbs-praha.cz\/en\/\"},{\"@type\":\"ListItem\",\"position\":2,\"name\":\"Career\"}]},{\"@type\":\"WebSite\",\"@id\":\"https:\/\/www.kbs-praha.cz\/en\/#website\",\"url\":\"https:\/\/www.kbs-praha.cz\/en\/\",\"name\":\"HEBERGER\",\"description\":\"Planning - Consulting - Building\",\"publisher\":{\"@id\":\"https:\/\/www.kbs-praha.cz\/en\/#organization\"},\"potentialAction\":[{\"@type\":\"SearchAction\",\"target\":{\"@type\":\"EntryPoint\",\"urlTemplate\":\"https:\/\/www.kbs-praha.cz\/en\/?s={search_term_string}\"},\"query-input\":{\"@type\":\"PropertyValueSpecification\",\"valueRequired\":true,\"valueName\":\"search_term_string\"}}],\"inLanguage\":\"en-US\"},{\"@type\":\"Organization\",\"@id\":\"https:\/\/www.kbs-praha.cz\/en\/#organization\",\"name\":\"HEBERGER GRUPPE\",\"url\":\"https:\/\/www.kbs-praha.cz\/en\/\",\"logo\":{\"@type\":\"ImageObject\",\"inLanguage\":\"en-US\",\"@id\":\"https:\/\/www.kbs-praha.cz\/en\/#\/schema\/logo\/image\/\",\"url\":\"\",\"contentUrl\":\"\",\"caption\":\"HEBERGER GRUPPE\"},\"image\":{\"@id\":\"https:\/\/www.kbs-praha.cz\/en\/#\/schema\/logo\/image\/\"},\"sameAs\":[\"https:\/\/www.facebook.com\/hebergerbau\"]}]}<\/script>\n<!-- \/ Yoast SEO plugin. -->","yoast_head_json":{"title":"HEBERGER - Career","description":"KBS \u2013 in\u017een\u00fdrsk\u00e1 projektov\u00e1 kancel\u00e1\u0159 s.r.o. is a subsidiary of the HEBERGER Group based in Prague. Since 2003, we have specialized in structural design, static calculations, technical studies, expert reports, and construction supervision. Our team of experienced engineers supports demanding projects from planning through to implementation, developing tailored solutions for complex construction ventures.","robots":{"index":"index","follow":"follow","max-snippet":"max-snippet:-1","max-image-preview":"max-image-preview:large","max-video-preview":"max-video-preview:-1"},"canonical":"https:\/\/www.kbs-praha.cz\/en\/career\/","og_locale":"en_US","og_type":"article","og_title":"HEBERGER - Career","og_description":"KBS \u2013 in\u017een\u00fdrsk\u00e1 projektov\u00e1 kancel\u00e1\u0159 s.r.o. is a subsidiary of the HEBERGER Group based in Prague. Since 2003, we have specialized in structural design, static calculations, technical studies, expert reports, and construction supervision. Our team of experienced engineers supports demanding projects from planning through to implementation, developing tailored solutions for complex construction ventures.","og_url":"https:\/\/www.kbs-praha.cz\/en\/career\/","og_site_name":"HEBERGER","article_publisher":"https:\/\/www.facebook.com\/hebergerbau","article_modified_time":"2025-12-18T12:44:54+00:00","twitter_card":"summary_large_image","twitter_misc":{"Est. reading time":"3 minutes"},"schema":{"@context":"https:\/\/schema.org","@graph":[{"@type":"WebPage","@id":"https:\/\/www.kbs-praha.cz\/en\/career\/","url":"https:\/\/www.kbs-praha.cz\/en\/career\/","name":"HEBERGER - Career","isPartOf":{"@id":"https:\/\/www.kbs-praha.cz\/en\/#website"},"datePublished":"2025-12-18T06:07:01+00:00","dateModified":"2025-12-18T12:44:54+00:00","description":"KBS \u2013 in\u017een\u00fdrsk\u00e1 projektov\u00e1 kancel\u00e1\u0159 s.r.o. is a subsidiary of the HEBERGER Group based in Prague. Since 2003, we have specialized in structural design, static calculations, technical studies, expert reports, and construction supervision. Our team of experienced engineers supports demanding projects from planning through to implementation, developing tailored solutions for complex construction ventures.","breadcrumb":{"@id":"https:\/\/www.kbs-praha.cz\/en\/career\/#breadcrumb"},"inLanguage":"en-US","potentialAction":[{"@type":"ReadAction","target":["https:\/\/www.kbs-praha.cz\/en\/career\/"]}]},{"@type":"BreadcrumbList","@id":"https:\/\/www.kbs-praha.cz\/en\/career\/#breadcrumb","itemListElement":[{"@type":"ListItem","position":1,"name":"Startseite","item":"https:\/\/www.kbs-praha.cz\/en\/"},{"@type":"ListItem","position":2,"name":"Career"}]},{"@type":"WebSite","@id":"https:\/\/www.kbs-praha.cz\/en\/#website","url":"https:\/\/www.kbs-praha.cz\/en\/","name":"HEBERGER","description":"Planning - Consulting - Building","publisher":{"@id":"https:\/\/www.kbs-praha.cz\/en\/#organization"},"potentialAction":[{"@type":"SearchAction","target":{"@type":"EntryPoint","urlTemplate":"https:\/\/www.kbs-praha.cz\/en\/?s={search_term_string}"},"query-input":{"@type":"PropertyValueSpecification","valueRequired":true,"valueName":"search_term_string"}}],"inLanguage":"en-US"},{"@type":"Organization","@id":"https:\/\/www.kbs-praha.cz\/en\/#organization","name":"HEBERGER GRUPPE","url":"https:\/\/www.kbs-praha.cz\/en\/","logo":{"@type":"ImageObject","inLanguage":"en-US","@id":"https:\/\/www.kbs-praha.cz\/en\/#\/schema\/logo\/image\/","url":"","contentUrl":"","caption":"HEBERGER GRUPPE"},"image":{"@id":"https:\/\/www.kbs-praha.cz\/en\/#\/schema\/logo\/image\/"},"sameAs":["https:\/\/www.facebook.com\/hebergerbau"]}]}},"_links":{"self":[{"href":"https:\/\/www.kbs-praha.cz\/en\/wp-json\/wp\/v2\/pages\/23204","targetHints":{"allow":["GET"]}}],"collection":[{"href":"https:\/\/www.kbs-praha.cz\/en\/wp-json\/wp\/v2\/pages"}],"about":[{"href":"https:\/\/www.kbs-praha.cz\/en\/wp-json\/wp\/v2\/types\/page"}],"author":[{"embeddable":true,"href":"https:\/\/www.kbs-praha.cz\/en\/wp-json\/wp\/v2\/users\/2"}],"replies":[{"embeddable":true,"href":"https:\/\/www.kbs-praha.cz\/en\/wp-json\/wp\/v2\/comments?post=23204"}],"version-history":[{"count":3,"href":"https:\/\/www.kbs-praha.cz\/en\/wp-json\/wp\/v2\/pages\/23204\/revisions"}],"predecessor-version":[{"id":23208,"href":"https:\/\/www.kbs-praha.cz\/en\/wp-json\/wp\/v2\/pages\/23204\/revisions\/23208"}],"wp:attachment":[{"href":"https:\/\/www.kbs-praha.cz\/en\/wp-json\/wp\/v2\/media?parent=23204"}],"curies":[{"name":"wp","href":"https:\/\/api.w.org\/{rel}","templated":true}]}}