{"id":9258,"date":"2023-03-27T07:22:17","date_gmt":"2023-03-27T05:22:17","guid":{"rendered":"https:\/\/www.kbs-praha.cz\/impressum1\/"},"modified":"2025-10-16T09:03:38","modified_gmt":"2025-10-16T07:03:38","slug":"imprint","status":"publish","type":"page","link":"https:\/\/www.kbs-praha.cz\/en\/imprint\/","title":{"rendered":"Imprint"},"content":{"rendered":"<div class=\"wpb-content-wrapper\"><p>[vc_row row_btt_skin=&#8221;light&#8221; row_background_text_position=&#8221;front&#8221;][vc_column][vc_column_text css=&#8221;&#8221;]<\/p>\n<article class=\"main-content\" role=\"article\">\n<section class=\"section \">\n<div class=\"section-content\">\n<div class=\"row column\">\n<h2><strong>Imprint<\/strong><\/h2>\n<\/div>\n<\/div>\n<\/section>\n<\/article>\n<p>[\/vc_column_text][\/vc_column][\/vc_row][vc_row row_btt_skin=&#8221;light&#8221; row_background_text_position=&#8221;front&#8221;][vc_column][vc_empty_space height=&#8221;60px&#8221;][\/vc_column][\/vc_row][vc_row row_btt_skin=&#8221;light&#8221; row_background_text_position=&#8221;front&#8221;][vc_column width=&#8221;1\/2&#8243;][vc_column_text css=&#8221;&#8221;]<\/p>\n<article class=\"main-content\" role=\"article\">\n<section class=\"section \">\n<div class=\"section-content\">\n<div class=\"row column\">\n<p><strong>Editor<\/strong><br \/>\nKBS in\u017een\u00fdrsk\u00e1 projektov\u00e1 kancel\u00e1\u0159 s.r.o<br \/>\nTepl\u00e1rensk\u00e1 608\/11<br \/>\n108 00 Praha 10<br \/>\nTelefon +420 270 006 777<br \/>\nE-Mail: <a href=\"mailto:kbs@kbs-praha.cz\">kbs@kbs-praha.cz<\/a><\/p>\n<\/div>\n<\/div>\n<\/section>\n<\/article>\n<p>[\/vc_column_text][\/vc_column][vc_column width=&#8221;1\/2&#8243;][\/vc_column][\/vc_row][vc_row row_btt_skin=&#8221;light&#8221; row_background_text_position=&#8221;front&#8221;][vc_column][vc_empty_space height=&#8221;30px&#8221;][\/vc_column][\/vc_row][vc_row row_btt_skin=&#8221;light&#8221; row_background_text_position=&#8221;front&#8221;][vc_column][vc_column_text css_animation=&#8221;none&#8221; css=&#8221;&#8221;]<\/p>\n<article class=\"main-content\" role=\"article\">\n<section class=\"section \">\n<div class=\"section-content\">\n<div class=\"row column\">\n<p><strong>Responsible for editorial content:<br \/>\n<\/strong>Filip Kl\u00edma, Ji\u0159\u00ed \u010c\u00ed\u017eek<br \/>\nPod Lysinami 518\/28<br \/>\nPraha 4 \u2013 Hodkovi\u010dky, 147 00 (Office)<\/p>\n<\/div>\n<\/div>\n<\/section>\n<\/article>\n<p>[\/vc_column_text][\/vc_column][\/vc_row][vc_row row_btt_skin=&#8221;light&#8221; row_background_text_position=&#8221;front&#8221;][vc_column][vc_empty_space height=&#8221;30px&#8221;][\/vc_column][\/vc_row][vc_row row_btt_skin=&#8221;light&#8221; row_background_text_position=&#8221;front&#8221;][vc_column][vc_column_text css=&#8221;&#8221;]<\/p>\n<article class=\"main-content\" role=\"article\">\n<section class=\"section \">\n<div class=\"section-content\">\n<div class=\"row column\">\n<p><strong>Disclaimer of Liability<\/strong><br \/>\nIn a ruling dated May 12, 1998, the Hamburg Regional Court ruled that by placing a link, one may be held jointly responsible for the content of the linked page. We hereby expressly distance ourselves from the linked pages.<\/p>\n<p><strong>Copyright<\/strong><br \/>\nThe information presented may be stored, distributed, and reproduced, but without altering or falsifying it. When distributing or reproducing, the source must be cited. Graphics are subject to copyright and may not be reproduced without the permission of the author.<\/p>\n<p><strong>Image rights<\/strong><br \/>\nHEBERGER GmbH, Envato, Marcus Medwed, Petra Feldmann, H.-P. Merkle, Denise B\u00fcttner<\/p>\n<p><strong>Procedure Directory for Everyone (Section 4e Nos. 1 \u2013 8 BDSG)<\/strong><\/p>\n<div>\n<div>\n<p><strong>Name or Company of the Responsible Body:<\/strong><br \/>\nKBS in\u017een\u00fdrsk\u00e1 projektov\u00e1 kancel\u00e1\u0159 s.r.o<\/p>\n<p><strong>Head of the Responsible Body and Data Processing:<\/strong><br \/>\nFilip Kl\u00edma, Ji\u0159\u00ed \u010c\u00ed\u017eek<\/p>\n<p><strong>Address of the Responsible Body:<\/strong><br \/>\nTepl\u00e1rensk\u00e1 608\/11<br \/>\n108 00 Prague 10<\/p>\n<p><strong>Purpose of Data Collection, Processing, or Use:<\/strong><br \/>\nThe data is collected, processed, and used for its own purposes within the meaning of Section 28 BDSG. According to the company&#8217;s articles of association, the company&#8217;s purpose is the planning and construction of all types of buildings and the execution of all types of construction work for its own or third-party account, including all work directly or indirectly related thereto. The company may manufacture, acquire, use, and sell movable and immovable property.<\/p>\n<p>Description of the affected groups of people and the related data or data categories:<br \/>\nThe affected groups of people and the related data or data categories are derived from the intended purpose (No. 4). These are primarily the following groups of people:<br \/>\nOur own employees, trainees, interns, applicants, clients and their employees, customers, suppliers, service providers, contractual partners, and contact persons for the aforementioned groups.<br \/>\n&#8230;Data categories: Master data, billing data, prospective customer data, customer data, contract data, payment data, control data, client data, employee data, business partner data, supplier data, and public authority data.<br \/>\n&#8230;Data: Address data, name data, date of birth, tax numbers, VAT ID numbers, information on social security numbers, religious affiliation, bank details, health data, planning data, contract data, billing data, voluntary information provided by the data subject to the extent necessary to complete the order or to process the contract. In the area of \u200b\u200bhuman resources, additional information on qualifications, entry and exit from employment, wage and salary data, pension and social security data, warnings, certificates, and application documents are stored.<\/p>\n<p><strong>Recipients or categories of recipients to whom the data may be disclosed:<\/strong><br \/>\nNo personal data will be forwarded without consent. If the contractual partner has given their express consent or has been instructed, or if overriding legal provisions stipulate the transfer of data, data will be transferred to:<br \/>\n\u2013 Public bodies (e.g., tax offices, social security institutions, banks, insurance companies, courts)<br \/>\n\u2013 Internal bodies involved in the execution of the respective business processes<br \/>\n(e.g., human resources, accounting, purchasing, marketing, general administration, sales)<br \/>\n\u2013 External contractors (service providers) in accordance with Section 11 of the German Federal Data Protection Act (BDSG)<br \/>\n\u2013 Other bodies if necessary to pursue the purposes stated under 4.<\/p>\n<p><strong>Standard periods for data deletion:<br \/>\n<\/strong>The legislature has issued a variety of retention obligations and periods. After these periods have expired, the relevant data will be routinely deleted if they are no longer required for contract fulfillment, unless statutory retention obligations and periods conflict with this. Unless otherwise affected, data will be deleted when the purposes stated under 4 no longer apply.<\/p>\n<p><strong>Planned data transfer to third countries:<\/strong><br \/>\nThere are no plans to transfer data to third countries. For questions or suggestions regarding data protection at HELLWEG Badsysteme GmbH &amp; Co KG, please contact our company data protection officer at datenschutz@heberger.com.<\/p>\n<\/div>\n<\/div>\n<p><strong>Standard deadlines for data deletion:<\/strong><br \/>\nThe legislature has established a variety of retention obligations and deadlines. After these deadlines have expired, the corresponding data will be routinely deleted if they are no longer required to fulfill the contract, unless statutory retention obligations and deadlines conflict with this. If data is not affected by this, it will be deleted when the purposes stated under 4 no longer apply.<\/p>\n<\/div>\n<\/div>\n<\/section>\n<\/article>\n<p>[\/vc_column_text][\/vc_column][\/vc_row][vc_row row_btt_skin=&#8221;light&#8221; row_background_text_position=&#8221;front&#8221;][vc_column][vc_empty_space height=&#8221;60px&#8221;][\/vc_column][\/vc_row]<\/p>\n<\/div>","protected":false},"excerpt":{"rendered":"<p>[vc_row row_btt_skin=&#8221;light&#8221; row_background_text_position=&#8221;front&#8221;][vc_column][vc_column_text css=&#8221;&#8221;] Imprint [\/vc_column_text][\/vc_column][\/vc_row][vc_row row_btt_skin=&#8221;light&#8221; row_background_text_position=&#8221;front&#8221;][vc_column][vc_empty_space height=&#8221;60px&#8221;][\/vc_column][\/vc_row][vc_row row_btt_skin=&#8221;light&#8221; row_background_text_position=&#8221;front&#8221;][vc_column width=&#8221;1\/2&#8243;][vc_column_text css=&#8221;&#8221;] Editor KBS in\u017een\u00fdrsk\u00e1 projektov\u00e1 kancel\u00e1\u0159 s.r.o Tepl\u00e1rensk\u00e1 608\/11 108 00 Praha 10 Telefon +420 270 006 777 E-Mail: kbs@kbs-praha.cz [\/vc_column_text][\/vc_column][vc_column width=&#8221;1\/2&#8243;][\/vc_column][\/vc_row][vc_row row_btt_skin=&#8221;light&#8221; row_background_text_position=&#8221;front&#8221;][vc_column][vc_empty_space height=&#8221;30px&#8221;][\/vc_column][\/vc_row][vc_row row_btt_skin=&#8221;light&#8221; row_background_text_position=&#8221;front&#8221;][vc_column][vc_column_text css_animation=&#8221;none&#8221; [&hellip;]<\/p>\n","protected":false},"author":1,"featured_media":0,"parent":0,"menu_order":0,"comment_status":"closed","ping_status":"closed","template":"","meta":{"footnotes":""},"class_list":["post-9258","page","type-page","status-publish","hentry"],"yoast_head":"<!-- This site is optimized with the Yoast SEO plugin v26.6 - https:\/\/yoast.com\/wordpress\/plugins\/seo\/ -->\n<title>HEBERGER - Imprint<\/title>\n<meta name=\"robots\" content=\"index, follow, max-snippet:-1, max-image-preview:large, max-video-preview:-1\" \/>\n<link rel=\"canonical\" href=\"https:\/\/www.kbs-praha.cz\/en\/imprint\/\" \/>\n<meta property=\"og:locale\" content=\"en_US\" \/>\n<meta property=\"og:type\" content=\"article\" \/>\n<meta property=\"og:title\" content=\"HEBERGER - Imprint\" \/>\n<meta property=\"og:description\" content=\"[vc_row row_btt_skin=&#8221;light&#8221; row_background_text_position=&#8221;front&#8221;][vc_column][vc_column_text css=&#8221;&#8221;] Imprint [\/vc_column_text][\/vc_column][\/vc_row][vc_row row_btt_skin=&#8221;light&#8221; row_background_text_position=&#8221;front&#8221;][vc_column][vc_empty_space height=&#8221;60px&#8221;][\/vc_column][\/vc_row][vc_row row_btt_skin=&#8221;light&#8221; row_background_text_position=&#8221;front&#8221;][vc_column width=&#8221;1\/2&#8243;][vc_column_text css=&#8221;&#8221;] Editor KBS in\u017een\u00fdrsk\u00e1 projektov\u00e1 kancel\u00e1\u0159 s.r.o Tepl\u00e1rensk\u00e1 608\/11 108 00 Praha 10 Telefon +420 270 006 777 E-Mail: kbs@kbs-praha.cz [\/vc_column_text][\/vc_column][vc_column width=&#8221;1\/2&#8243;][\/vc_column][\/vc_row][vc_row row_btt_skin=&#8221;light&#8221; row_background_text_position=&#8221;front&#8221;][vc_column][vc_empty_space height=&#8221;30px&#8221;][\/vc_column][\/vc_row][vc_row row_btt_skin=&#8221;light&#8221; row_background_text_position=&#8221;front&#8221;][vc_column][vc_column_text css_animation=&#8221;none&#8221; [&hellip;]\" \/>\n<meta property=\"og:url\" content=\"https:\/\/www.kbs-praha.cz\/en\/imprint\/\" \/>\n<meta property=\"og:site_name\" content=\"HEBERGER\" \/>\n<meta property=\"article:publisher\" content=\"https:\/\/www.facebook.com\/hebergerbau\" \/>\n<meta property=\"article:modified_time\" content=\"2025-10-16T07:03:38+00:00\" \/>\n<meta name=\"twitter:card\" content=\"summary_large_image\" \/>\n<meta name=\"twitter:label1\" content=\"Est. reading time\" \/>\n\t<meta name=\"twitter:data1\" content=\"5 minutes\" \/>\n<script type=\"application\/ld+json\" class=\"yoast-schema-graph\">{\"@context\":\"https:\/\/schema.org\",\"@graph\":[{\"@type\":\"WebPage\",\"@id\":\"https:\/\/www.kbs-praha.cz\/en\/imprint\/\",\"url\":\"https:\/\/www.kbs-praha.cz\/en\/imprint\/\",\"name\":\"HEBERGER - Imprint\",\"isPartOf\":{\"@id\":\"https:\/\/www.kbs-praha.cz\/en\/#website\"},\"datePublished\":\"2023-03-27T05:22:17+00:00\",\"dateModified\":\"2025-10-16T07:03:38+00:00\",\"breadcrumb\":{\"@id\":\"https:\/\/www.kbs-praha.cz\/en\/imprint\/#breadcrumb\"},\"inLanguage\":\"en-US\",\"potentialAction\":[{\"@type\":\"ReadAction\",\"target\":[\"https:\/\/www.kbs-praha.cz\/en\/imprint\/\"]}]},{\"@type\":\"BreadcrumbList\",\"@id\":\"https:\/\/www.kbs-praha.cz\/en\/imprint\/#breadcrumb\",\"itemListElement\":[{\"@type\":\"ListItem\",\"position\":1,\"name\":\"Startseite\",\"item\":\"https:\/\/www.kbs-praha.cz\/en\/\"},{\"@type\":\"ListItem\",\"position\":2,\"name\":\"Imprint\"}]},{\"@type\":\"WebSite\",\"@id\":\"https:\/\/www.kbs-praha.cz\/en\/#website\",\"url\":\"https:\/\/www.kbs-praha.cz\/en\/\",\"name\":\"HEBERGER\",\"description\":\"Planning - Consulting - Building\",\"publisher\":{\"@id\":\"https:\/\/www.kbs-praha.cz\/en\/#organization\"},\"potentialAction\":[{\"@type\":\"SearchAction\",\"target\":{\"@type\":\"EntryPoint\",\"urlTemplate\":\"https:\/\/www.kbs-praha.cz\/en\/?s={search_term_string}\"},\"query-input\":{\"@type\":\"PropertyValueSpecification\",\"valueRequired\":true,\"valueName\":\"search_term_string\"}}],\"inLanguage\":\"en-US\"},{\"@type\":\"Organization\",\"@id\":\"https:\/\/www.kbs-praha.cz\/en\/#organization\",\"name\":\"HEBERGER GRUPPE\",\"url\":\"https:\/\/www.kbs-praha.cz\/en\/\",\"logo\":{\"@type\":\"ImageObject\",\"inLanguage\":\"en-US\",\"@id\":\"https:\/\/www.kbs-praha.cz\/en\/#\/schema\/logo\/image\/\",\"url\":\"\",\"contentUrl\":\"\",\"caption\":\"HEBERGER GRUPPE\"},\"image\":{\"@id\":\"https:\/\/www.kbs-praha.cz\/en\/#\/schema\/logo\/image\/\"},\"sameAs\":[\"https:\/\/www.facebook.com\/hebergerbau\"]}]}<\/script>\n<!-- \/ Yoast SEO plugin. -->","yoast_head_json":{"title":"HEBERGER - Imprint","robots":{"index":"index","follow":"follow","max-snippet":"max-snippet:-1","max-image-preview":"max-image-preview:large","max-video-preview":"max-video-preview:-1"},"canonical":"https:\/\/www.kbs-praha.cz\/en\/imprint\/","og_locale":"en_US","og_type":"article","og_title":"HEBERGER - Imprint","og_description":"[vc_row row_btt_skin=&#8221;light&#8221; row_background_text_position=&#8221;front&#8221;][vc_column][vc_column_text css=&#8221;&#8221;] Imprint [\/vc_column_text][\/vc_column][\/vc_row][vc_row row_btt_skin=&#8221;light&#8221; row_background_text_position=&#8221;front&#8221;][vc_column][vc_empty_space height=&#8221;60px&#8221;][\/vc_column][\/vc_row][vc_row row_btt_skin=&#8221;light&#8221; row_background_text_position=&#8221;front&#8221;][vc_column width=&#8221;1\/2&#8243;][vc_column_text css=&#8221;&#8221;] Editor KBS in\u017een\u00fdrsk\u00e1 projektov\u00e1 kancel\u00e1\u0159 s.r.o Tepl\u00e1rensk\u00e1 608\/11 108 00 Praha 10 Telefon +420 270 006 777 E-Mail: kbs@kbs-praha.cz [\/vc_column_text][\/vc_column][vc_column width=&#8221;1\/2&#8243;][\/vc_column][\/vc_row][vc_row row_btt_skin=&#8221;light&#8221; row_background_text_position=&#8221;front&#8221;][vc_column][vc_empty_space height=&#8221;30px&#8221;][\/vc_column][\/vc_row][vc_row row_btt_skin=&#8221;light&#8221; row_background_text_position=&#8221;front&#8221;][vc_column][vc_column_text css_animation=&#8221;none&#8221; [&hellip;]","og_url":"https:\/\/www.kbs-praha.cz\/en\/imprint\/","og_site_name":"HEBERGER","article_publisher":"https:\/\/www.facebook.com\/hebergerbau","article_modified_time":"2025-10-16T07:03:38+00:00","twitter_card":"summary_large_image","twitter_misc":{"Est. reading time":"5 minutes"},"schema":{"@context":"https:\/\/schema.org","@graph":[{"@type":"WebPage","@id":"https:\/\/www.kbs-praha.cz\/en\/imprint\/","url":"https:\/\/www.kbs-praha.cz\/en\/imprint\/","name":"HEBERGER - Imprint","isPartOf":{"@id":"https:\/\/www.kbs-praha.cz\/en\/#website"},"datePublished":"2023-03-27T05:22:17+00:00","dateModified":"2025-10-16T07:03:38+00:00","breadcrumb":{"@id":"https:\/\/www.kbs-praha.cz\/en\/imprint\/#breadcrumb"},"inLanguage":"en-US","potentialAction":[{"@type":"ReadAction","target":["https:\/\/www.kbs-praha.cz\/en\/imprint\/"]}]},{"@type":"BreadcrumbList","@id":"https:\/\/www.kbs-praha.cz\/en\/imprint\/#breadcrumb","itemListElement":[{"@type":"ListItem","position":1,"name":"Startseite","item":"https:\/\/www.kbs-praha.cz\/en\/"},{"@type":"ListItem","position":2,"name":"Imprint"}]},{"@type":"WebSite","@id":"https:\/\/www.kbs-praha.cz\/en\/#website","url":"https:\/\/www.kbs-praha.cz\/en\/","name":"HEBERGER","description":"Planning - Consulting - Building","publisher":{"@id":"https:\/\/www.kbs-praha.cz\/en\/#organization"},"potentialAction":[{"@type":"SearchAction","target":{"@type":"EntryPoint","urlTemplate":"https:\/\/www.kbs-praha.cz\/en\/?s={search_term_string}"},"query-input":{"@type":"PropertyValueSpecification","valueRequired":true,"valueName":"search_term_string"}}],"inLanguage":"en-US"},{"@type":"Organization","@id":"https:\/\/www.kbs-praha.cz\/en\/#organization","name":"HEBERGER GRUPPE","url":"https:\/\/www.kbs-praha.cz\/en\/","logo":{"@type":"ImageObject","inLanguage":"en-US","@id":"https:\/\/www.kbs-praha.cz\/en\/#\/schema\/logo\/image\/","url":"","contentUrl":"","caption":"HEBERGER GRUPPE"},"image":{"@id":"https:\/\/www.kbs-praha.cz\/en\/#\/schema\/logo\/image\/"},"sameAs":["https:\/\/www.facebook.com\/hebergerbau"]}]}},"_links":{"self":[{"href":"https:\/\/www.kbs-praha.cz\/en\/wp-json\/wp\/v2\/pages\/9258","targetHints":{"allow":["GET"]}}],"collection":[{"href":"https:\/\/www.kbs-praha.cz\/en\/wp-json\/wp\/v2\/pages"}],"about":[{"href":"https:\/\/www.kbs-praha.cz\/en\/wp-json\/wp\/v2\/types\/page"}],"author":[{"embeddable":true,"href":"https:\/\/www.kbs-praha.cz\/en\/wp-json\/wp\/v2\/users\/1"}],"replies":[{"embeddable":true,"href":"https:\/\/www.kbs-praha.cz\/en\/wp-json\/wp\/v2\/comments?post=9258"}],"version-history":[{"count":11,"href":"https:\/\/www.kbs-praha.cz\/en\/wp-json\/wp\/v2\/pages\/9258\/revisions"}],"predecessor-version":[{"id":22885,"href":"https:\/\/www.kbs-praha.cz\/en\/wp-json\/wp\/v2\/pages\/9258\/revisions\/22885"}],"wp:attachment":[{"href":"https:\/\/www.kbs-praha.cz\/en\/wp-json\/wp\/v2\/media?parent=9258"}],"curies":[{"name":"wp","href":"https:\/\/api.w.org\/{rel}","templated":true}]}}